{"id":70,"date":"2023-07-21T02:04:00","date_gmt":"2023-07-21T02:04:00","guid":{"rendered":"https:\/\/themegavias.com\/wp\/pisole\/?page_id=70"},"modified":"2026-01-16T10:24:22","modified_gmt":"2026-01-16T10:24:22","slug":"estacao-de-servico","status":"publish","type":"page","link":"https:\/\/brazumaisvale.com\/en\/services\/estacao-de-servico\/","title":{"rendered":"Esta\u00e7\u00e3o de Servi\u00e7o"},"content":{"rendered":"<div data-elementor-type=\"wp-page\" data-elementor-id=\"70\" class=\"elementor elementor-70\">\n\t\t\t\t\t\t<section class=\"elementor-section elementor-top-section elementor-element elementor-element-76b42148 elementor-section-boxed elementor-section-height-default elementor-section-height-default\" data-id=\"76b42148\" data-element_type=\"section\" data-settings=\"{&quot;background_background&quot;:&quot;slideshow&quot;,&quot;background_slideshow_gallery&quot;:[{&quot;id&quot;:294,&quot;url&quot;:&quot;https:\\\/\\\/themegavias.com\\\/wp\\\/pisole\\\/wp-content\\\/uploads\\\/2023\\\/08\\\/breadcrumb.jpg&quot;},{&quot;id&quot;:414,&quot;url&quot;:&quot;https:\\\/\\\/themegavias.com\\\/wp\\\/pisole\\\/wp-content\\\/uploads\\\/2023\\\/08\\\/breadcrumb-01.jpg&quot;}],&quot;background_slideshow_ken_burns&quot;:&quot;yes&quot;,&quot;background_slideshow_loop&quot;:&quot;yes&quot;,&quot;background_slideshow_slide_duration&quot;:5000,&quot;background_slideshow_slide_transition&quot;:&quot;fade&quot;,&quot;background_slideshow_transition_duration&quot;:500,&quot;background_slideshow_ken_burns_zoom_direction&quot;:&quot;in&quot;}\">\n\t\t\t\t\t\t<div class=\"elementor-container elementor-column-gap-default\">\n\t\t\t\t\t<div class=\"elementor-column elementor-col-100 elementor-top-column elementor-element elementor-element-118bff62\" data-id=\"118bff62\" data-element_type=\"column\">\n\t\t\t<div class=\"elementor-widget-wrap elementor-element-populated\">\n\t\t\t\t\t\t<div class=\"elementor-element elementor-element-5db12fd elementor-widget elementor-widget-gva-heading-block\" data-id=\"5db12fd\" data-element_type=\"widget\" data-widget_type=\"gva-heading-block.default\">\n\t\t\t\t<div class=\"elementor-widget-container\">\n\t\t\t\t\t<div class=\"gva-element-gva-heading-block gva-element\">   <div class=\"align-left style-1 widget gsc-heading box-align-left auto-responsive\">\r\n      <div class=\"content-inner\">\r\n         \r\n                  \r\n           \r\n         \r\n                     <h2 class=\"title\">\r\n               <span>esta\u00e7\u00e3o de servi\u00e7o brazu<\/span>\r\n            <\/h2>\r\n                  \r\n                     <div class=\"title-desc\">Limpeza de interior e exterior do carro<\/div>\r\n         \r\n         \r\n      <\/div>\r\n   <\/div>\r\n<\/div>\t\t\t\t<\/div>\n\t\t\t\t<\/div>\n\t\t\t\t\t<\/div>\n\t\t<\/div>\n\t\t\t\t\t<\/div>\n\t\t<\/section>\n\t\t\t\t<section class=\"elementor-section elementor-top-section elementor-element elementor-element-5484f231 elementor-section-boxed elementor-section-height-default elementor-section-height-default\" data-id=\"5484f231\" data-element_type=\"section\">\n\t\t\t\t\t\t<div class=\"elementor-container elementor-column-gap-default\">\n\t\t\t\t\t<div class=\"elementor-column elementor-col-50 elementor-top-column elementor-element elementor-element-907f796\" data-id=\"907f796\" data-element_type=\"column\">\n\t\t\t<div class=\"elementor-widget-wrap elementor-element-populated\">\n\t\t\t\t\t\t<div class=\"elementor-element elementor-element-3e301fd6 elementor-widget elementor-widget-wp-widget-nav_menu\" data-id=\"3e301fd6\" data-element_type=\"widget\" data-widget_type=\"wp-widget-nav_menu.default\">\n\t\t\t\t<div class=\"elementor-widget-container\">\n\t\t\t\t\t<div class=\"menu-services-container\"><ul id=\"menu-services\" class=\"menu\"><li id=\"menu-item-641\" class=\"menu-item menu-item-type-post_type menu-item-object-page menu-item-641\"><a href=\"https:\/\/brazumaisvale.com\/en\/services\/sucata\/\">Sucata<\/a><\/li>\n<li id=\"menu-item-640\" class=\"menu-item menu-item-type-post_type menu-item-object-page menu-item-640\"><a href=\"https:\/\/brazumaisvale.com\/en\/services\/restauracao-sete-sabores\/\">Restaura\u00e7\u00e3o sete sabores<\/a><\/li>\n<li id=\"menu-item-643\" class=\"menu-item menu-item-type-post_type menu-item-object-page menu-item-643\"><a href=\"https:\/\/brazumaisvale.com\/en\/services\/estacao-de-servico\/\">Esta\u00e7\u00e3o de Servi\u00e7o<\/a><\/li>\n<li id=\"menu-item-642\" class=\"menu-item menu-item-type-post_type menu-item-object-page menu-item-642\"><a href=\"https:\/\/brazumaisvale.com\/en\/services\/maxvale-pneus\/\">MAXVALE PNEUS<\/a><\/li>\n<li id=\"menu-item-639\" class=\"menu-item menu-item-type-post_type menu-item-object-page menu-item-639\"><a href=\"https:\/\/brazumaisvale.com\/en\/services\/sustentablidade-ambiental\/\">Sustentablidade Ambiental<\/a><\/li>\n<\/ul><\/div>\t\t\t\t<\/div>\n\t\t\t\t<\/div>\n\t\t\t\t<section class=\"elementor-section elementor-inner-section elementor-element elementor-element-4f8db95 elementor-section-boxed elementor-section-height-default elementor-section-height-default\" data-id=\"4f8db95\" data-element_type=\"section\" data-settings=\"{&quot;background_background&quot;:&quot;classic&quot;}\">\n\t\t\t\t\t\t\t<div class=\"elementor-background-overlay\"><\/div>\n\t\t\t\t\t\t\t<div class=\"elementor-container elementor-column-gap-default\">\n\t\t\t\t\t<div class=\"elementor-column elementor-col-100 elementor-inner-column elementor-element elementor-element-3d3b3913\" data-id=\"3d3b3913\" data-element_type=\"column\">\n\t\t\t<div class=\"elementor-widget-wrap elementor-element-populated\">\n\t\t\t\t\t\t<div class=\"elementor-element elementor-element-f1074d elementor-view-stacked elementor-shape-circle elementor-position-top elementor-mobile-position-top elementor-widget elementor-widget-icon-box\" data-id=\"f1074d\" data-element_type=\"widget\" data-widget_type=\"icon-box.default\">\n\t\t\t\t\t\t\t<div class=\"elementor-icon-box-wrapper\">\n\n\t\t\t\t\t\t<div class=\"elementor-icon-box-icon\">\n\t\t\t\t<span  class=\"elementor-icon\">\n\t\t\t\t<i aria-hidden=\"true\" class=\"picon-telephone\"><\/i>\t\t\t\t<\/span>\n\t\t\t<\/div>\n\t\t\t\n\t\t\t\t\t\t<div class=\"elementor-icon-box-content\">\n\n\t\t\t\t\t\t\t\t\t<h3 class=\"elementor-icon-box-title\">\n\t\t\t\t\t\t<span  >\n\t\t\t\t\t\t\tProcisa de suporte r\u00e1pido?\t\t\t\t\t\t<\/span>\n\t\t\t\t\t<\/h3>\n\t\t\t\t\n\t\t\t\t\n\t\t\t<\/div>\n\t\t\t\n\t\t<\/div>\n\t\t\t\t\t\t<\/div>\n\t\t\t\t<div class=\"elementor-element elementor-element-63f2251a elementor-widget elementor-widget-text-editor\" data-id=\"63f2251a\" data-element_type=\"widget\" data-widget_type=\"text-editor.default\">\n\t\t\t\t\t\t\t\t\t<div><div class=\"elementor-element elementor-element-45d9f74 elementor-widget elementor-widget-text-editor\" data-id=\"45d9f74\" data-element_type=\"widget\" data-widget_type=\"text-editor.default\"><div>Fale com um especialista<\/div><\/div><\/div>\t\t\t\t\t\t\t\t<\/div>\n\t\t\t\t<div class=\"elementor-element elementor-element-59b37153 elementor-widget elementor-widget-text-editor\" data-id=\"59b37153\" data-element_type=\"widget\" data-widget_type=\"text-editor.default\">\n\t\t\t\t\t\t\t\t\t<p>(+244) 939 330 387<\/p>\t\t\t\t\t\t\t\t<\/div>\n\t\t\t\t\t<\/div>\n\t\t<\/div>\n\t\t\t\t\t<\/div>\n\t\t<\/section>\n\t\t\t\t\t<\/div>\n\t\t<\/div>\n\t\t\t\t<div class=\"elementor-column elementor-col-50 elementor-top-column elementor-element elementor-element-6845ca51\" data-id=\"6845ca51\" data-element_type=\"column\">\n\t\t\t<div class=\"elementor-widget-wrap elementor-element-populated\">\n\t\t\t\t\t\t<div class=\"elementor-element elementor-element-7f3eab7d elementor-widget elementor-widget-gva-gallery\" data-id=\"7f3eab7d\" data-element_type=\"widget\" data-widget_type=\"gva-gallery.default\">\n\t\t\t\t<div class=\"elementor-widget-container\">\n\t\t\t\t\t<div class=\"gva-element-gva-gallery gva-element\">\r\n<div class=\"gva-gallery-carousel swiper-slider-wrapper style-1\">\r\n\t<div class=\"swiper-content-inner\">\r\n   \t<div class=\"init-carousel-swiper swiper\" data-carousel=\"{&quot;items&quot;:1,&quot;items_lg&quot;:1,&quot;items_md&quot;:1,&quot;items_sm&quot;:1,&quot;items_xs&quot;:1,&quot;items_xx&quot;:1,&quot;effect&quot;:&quot;slide&quot;,&quot;space_between&quot;:30,&quot;loop&quot;:1,&quot;speed&quot;:600,&quot;autoplay&quot;:1,&quot;autoplay_delay&quot;:4500,&quot;autoplay_hover&quot;:1,&quot;navigation&quot;:1,&quot;pagination&quot;:0,&quot;dynamic_bullets&quot;:0,&quot;pagination_type&quot;:&quot;bullets&quot;}\">\r\n      \t<div class=\"swiper-wrapper\">\r\n\t\t\t\t<div class=\"swiper-slide item\">\r\n<div class=\"gallery-item style-1\">\r\n         <div class=\"image\">\r\n         <img decoding=\"async\" src=\"https:\/\/brazumaisvale.com\/wp-content\/uploads\/2025\/12\/angolanos-comecam-a-controlar-estacoes-de-servico-1612896144-e1765535514277.jpg\" alt=\"\" \/>  \r\n      <\/div>\r\n      <a class=\"photo-gallery\" href=\"https:\/\/brazumaisvale.com\/wp-content\/uploads\/2025\/12\/angolanos-comecam-a-controlar-estacoes-de-servico-1612896144-e1765535514277.jpg\" data-elementor-lightbox-slideshow=\"gallery-afta\" aria-label=\"gallery\"><i class=\"fas fa-expand\"><\/i><\/a>\r\n   \r\n   <div class=\"image-content\">\r\n      <div class=\"content-inner\">\r\n                        <\/div>   \r\n   <\/div>\r\n<\/div>\r\n<\/div><div class=\"swiper-slide item\">\r\n<div class=\"gallery-item style-1\">\r\n         <div class=\"image\">\r\n         <img decoding=\"async\" src=\"https:\/\/brazumaisvale.com\/wp-content\/uploads\/2025\/12\/lavagem-de-carro-com-sabonete-de-espuma-ativa-limpeza-do-pneu-da-roda-conceito-de-servico-de-limpeza-comercial_109549-2222.avif\" alt=\"Smart Audio\" \/>  \r\n      <\/div>\r\n      <a class=\"photo-gallery\" href=\"https:\/\/brazumaisvale.com\/wp-content\/uploads\/2025\/12\/lavagem-de-carro-com-sabonete-de-espuma-ativa-limpeza-do-pneu-da-roda-conceito-de-servico-de-limpeza-comercial_109549-2222.avif\" data-elementor-lightbox-slideshow=\"gallery-afta\" aria-label=\"gallery\"><i class=\"fas fa-expand\"><\/i><\/a>\r\n   \r\n   <div class=\"image-content\">\r\n      <div class=\"content-inner\">\r\n                     <h3 class=\"title\">Smart Audio<\/h3>\r\n                              <div class=\"sub-title\">Videos<\/div>\r\n               <\/div>   \r\n   <\/div>\r\n<\/div>\r\n<\/div><div class=\"swiper-slide item\">\r\n<div class=\"gallery-item style-1\">\r\n         <div class=\"image\">\r\n         <img decoding=\"async\" src=\"https:\/\/brazumaisvale.com\/wp-content\/uploads\/2025\/12\/14674664034_f7cc3520f3_b-e1765535624384.jpg\" alt=\"Game Studio\" \/>  \r\n      <\/div>\r\n      <a class=\"photo-gallery\" href=\"https:\/\/brazumaisvale.com\/wp-content\/uploads\/2025\/12\/14674664034_f7cc3520f3_b-e1765535624384.jpg\" data-elementor-lightbox-slideshow=\"gallery-afta\" aria-label=\"gallery\"><i class=\"fas fa-expand\"><\/i><\/a>\r\n   \r\n   <div class=\"image-content\">\r\n      <div class=\"content-inner\">\r\n                     <h3 class=\"title\">Game Studio<\/h3>\r\n                              <div class=\"sub-title\">Game<\/div>\r\n               <\/div>   \r\n   <\/div>\r\n<\/div>\r\n<\/div>\t\t\t<\/div>\r\n\t\t<\/div>\r\n\t<\/div>\r\n\t<div class=\"swiper-pagination\"><\/div>   <div class=\"swiper-nav-next\"><\/div><div class=\"swiper-nav-prev\"><\/div><\/div>\r\n<\/div>\t\t\t\t<\/div>\n\t\t\t\t<\/div>\n\t\t\t\t<div class=\"elementor-element elementor-element-40fe742a elementor-widget elementor-widget-text-editor\" data-id=\"40fe742a\" data-element_type=\"widget\" data-widget_type=\"text-editor.default\">\n\t\t\t\t\t\t\t\t\t<h3 class=\"ct-heading-tag typing-style1\">Lavagem R\u00e1pida <cite>Eficiente<\/cite> e segura<\/h3><div class=\"ct-heading-desc\">Seu carro, nosso cuidado: Brilho e prote\u00e7\u00e3o em cada detalhe. Venha para a nossa esta\u00e7\u00e3o de lavagem e deixe seu carro como novo!<br \/>Oferecemos servi\u00e7os de lavagem completa, polimento, enceramento e muito mais. Estamos aqui para cuidar do seu carro com carinho e aten\u00e7\u00e3o. Visite-nos hoje mesmo!<\/div><div><div class=\"ct-heading-sub sub- style1\">Os nossos servi\u00e7o \u00e9 de qualidade, Cuidamos para que o seu carro fique um <cite>brinquinho.<\/cite><\/div><div>Obs: n\u00e3o lavamos o motor<\/div><\/div>\t\t\t\t\t\t\t\t<\/div>\n\t\t\t\t\t<\/div>\n\t\t<\/div>\n\t\t\t\t\t<\/div>\n\t\t<\/section>\n\t\t\t\t<section class=\"elementor-section elementor-top-section elementor-element elementor-element-5fbdaeed elementor-section-boxed elementor-section-height-default elementor-section-height-default\" data-id=\"5fbdaeed\" data-element_type=\"section\">\n\t\t\t\t\t\t<div class=\"elementor-container elementor-column-gap-default\">\n\t\t\t\t\t<div class=\"elementor-column elementor-col-100 elementor-top-column elementor-element elementor-element-2bc25396\" data-id=\"2bc25396\" data-element_type=\"column\">\n\t\t\t<div class=\"elementor-widget-wrap elementor-element-populated\">\n\t\t\t\t\t\t<div class=\"elementor-element elementor-element-6a3c4cfe elementor-widget elementor-widget-heading\" data-id=\"6a3c4cfe\" data-element_type=\"widget\" data-widget_type=\"heading.default\">\n\t\t\t\t\t<h2 class=\"elementor-heading-title elementor-size-default\">Services policies<\/h2>\t\t\t\t<\/div>\n\t\t\t\t<div class=\"elementor-element elementor-element-1c132952 elementor-widget elementor-widget-gva_icon_box_group\" data-id=\"1c132952\" data-element_type=\"widget\" data-widget_type=\"gva_icon_box_group.default\">\n\t\t\t\t<div class=\"elementor-widget-container\">\n\t\t\t\t\t<div class=\"gva-element-gva_icon_box_group gva-element\">\r\n<div class=\"gsc-icon-box-group layout-carousel swiper-slider-wrapper\">\r\n   <div class=\"swiper-content-inner\">\r\n      <div class=\"init-carousel-swiper swiper\" data-carousel=\"{&quot;items&quot;:3,&quot;items_lg&quot;:3,&quot;items_md&quot;:3,&quot;items_sm&quot;:2,&quot;items_xs&quot;:2,&quot;items_xx&quot;:2,&quot;effect&quot;:&quot;slide&quot;,&quot;space_between&quot;:30,&quot;loop&quot;:1,&quot;speed&quot;:600,&quot;autoplay&quot;:1,&quot;autoplay_delay&quot;:4500,&quot;autoplay_hover&quot;:1,&quot;navigation&quot;:1,&quot;pagination&quot;:0,&quot;dynamic_bullets&quot;:0,&quot;pagination_type&quot;:&quot;bullets&quot;}\">\r\n         <div class=\"swiper-wrapper\">\r\n            <div class=\"swiper-slide\">\r\n<div class=\"icon-box-item elementor-repeater-item-d833a49\">\r\n\r\n\t\r\n\t\r\n\t\r\n\t<div class=\"iconbox-four__single\"><div class=\"iconbox-four__wrap\"><div class=\"iconbox-four__icon\"><i aria-hidden=\"true\" class=\"picon-mission\"><\/i><\/div><div class=\"iconbox-four__content\"><h3 class=\"iconbox-four__title\">Aspiramos<\/h3><div class=\"iconbox-four__desc\">Lorem ipsum is simply sit of free text dolor.<\/div><\/div>\t\t  \t<a href=\"http:\/\/localhost\/wp\/qizon\/about\/\" class=\"iconbox-four__link-overlay\" aria-label=\"link\">\r\n\t\t\t \t\t\t  \t<\/a>\r\n\t\t  <\/div><\/div>\r\n\t\r\n<\/div><\/div><div class=\"swiper-slide\">\r\n<div class=\"icon-box-item elementor-repeater-item-b50c52e\">\r\n\r\n\t\r\n\t\r\n\t\r\n\t<div class=\"iconbox-four__single\"><div class=\"iconbox-four__wrap\"><div class=\"iconbox-four__icon\"><i aria-hidden=\"true\" class=\"picon-team\"><\/i><\/div><div class=\"iconbox-four__content\"><h3 class=\"iconbox-four__title\">Lavagens e Brilho nos Pneus<\/h3><div class=\"iconbox-four__desc\">Lorem ipsum is simply sit of free text dolor.<\/div><\/div>\t\t  \t<a href=\"http:\/\/localhost\/wp\/qizon\/about\/\" class=\"iconbox-four__link-overlay\" aria-label=\"link\">\r\n\t\t\t \t\t\t  \t<\/a>\r\n\t\t  <\/div><\/div>\r\n\t\r\n<\/div><\/div><div class=\"swiper-slide\">\r\n<div class=\"icon-box-item elementor-repeater-item-2c50c28\">\r\n\r\n\t\r\n\t\r\n\t\r\n\t<div class=\"iconbox-four__single\"><div class=\"iconbox-four__wrap\"><div class=\"iconbox-four__icon\"><i aria-hidden=\"true\" class=\"picon-crowdfunding-4\"><\/i><\/div><div class=\"iconbox-four__content\"><h3 class=\"iconbox-four__title\">Lavagens na Chaparia<\/h3><div class=\"iconbox-four__desc\">Lorem ipsum is simply sit of free text dolor.<\/div><\/div>\t\t  \t<a href=\"http:\/\/localhost\/wp\/qizon\/about\/\" class=\"iconbox-four__link-overlay\" aria-label=\"link\">\r\n\t\t\t \t\t\t  \t<\/a>\r\n\t\t  <\/div><\/div>\r\n\t\r\n<\/div><\/div><div class=\"swiper-slide\">\r\n<div class=\"icon-box-item elementor-repeater-item-c492c79\">\r\n\r\n\t\r\n\t\r\n\t\r\n\t<div class=\"iconbox-four__single\"><div class=\"iconbox-four__wrap\"><div class=\"iconbox-four__icon\"><i aria-hidden=\"true\" class=\"picon-project-management\"><\/i><\/div><div class=\"iconbox-four__content\"><h3 class=\"iconbox-four__title\">Lavagens do Teto<\/h3><div class=\"iconbox-four__desc\">Lorem ipsum is simply sit of free text dolor.<\/div><\/div>\t\t  \t<a href=\"http:\/\/localhost\/wp\/qizon\/about\/\" class=\"iconbox-four__link-overlay\" aria-label=\"link\">\r\n\t\t\t \t\t\t  \t<\/a>\r\n\t\t  <\/div><\/div>\r\n\t\r\n<\/div><\/div>         <\/div>\r\n      <\/div>\r\n   <\/div>   \r\n   <div class=\"swiper-pagination\"><\/div>   <div class=\"swiper-nav-next\"><\/div><div class=\"swiper-nav-prev\"><\/div><\/div>\r\n<\/div>\t\t\t\t<\/div>\n\t\t\t\t<\/div>\n\t\t\t\t\t<\/div>\n\t\t<\/div>\n\t\t\t\t\t<\/div>\n\t\t<\/section>\n\t\t\t\t<\/div>","protected":false},"excerpt":{"rendered":"<p>esta\u00e7\u00e3o de servi\u00e7o brazu Limpeza de interior e exterior do carro Procisa de suporte r\u00e1pido? Fale com um especialista (+244) 939 330 387 Smart Audio Videos Game Studio Game Lavagem [&hellip;]<\/p>","protected":false},"author":1,"featured_media":0,"parent":541,"menu_order":0,"comment_status":"closed","ping_status":"closed","template":"","meta":{"pagelayer_contact_templates":[],"_pagelayer_content":"","footnotes":""},"class_list":["post-70","page","type-page","status-publish","hentry"],"_links":{"self":[{"href":"https:\/\/brazumaisvale.com\/en\/wp-json\/wp\/v2\/pages\/70","targetHints":{"allow":["GET"]}}],"collection":[{"href":"https:\/\/brazumaisvale.com\/en\/wp-json\/wp\/v2\/pages"}],"about":[{"href":"https:\/\/brazumaisvale.com\/en\/wp-json\/wp\/v2\/types\/page"}],"author":[{"embeddable":true,"href":"https:\/\/brazumaisvale.com\/en\/wp-json\/wp\/v2\/users\/1"}],"replies":[{"embeddable":true,"href":"https:\/\/brazumaisvale.com\/en\/wp-json\/wp\/v2\/comments?post=70"}],"version-history":[{"count":31,"href":"https:\/\/brazumaisvale.com\/en\/wp-json\/wp\/v2\/pages\/70\/revisions"}],"predecessor-version":[{"id":1199,"href":"https:\/\/brazumaisvale.com\/en\/wp-json\/wp\/v2\/pages\/70\/revisions\/1199"}],"up":[{"embeddable":true,"href":"https:\/\/brazumaisvale.com\/en\/wp-json\/wp\/v2\/pages\/541"}],"wp:attachment":[{"href":"https:\/\/brazumaisvale.com\/en\/wp-json\/wp\/v2\/media?parent=70"}],"curies":[{"name":"wp","href":"https:\/\/api.w.org\/{rel}","templated":true}]}}