{"id":616,"date":"2023-07-21T01:54:47","date_gmt":"2023-07-21T01:54:47","guid":{"rendered":"https:\/\/themegavias.com\/wp\/pisole\/?page_id=13"},"modified":"2026-03-10T10:53:40","modified_gmt":"2026-03-10T10:53:40","slug":"home-1","status":"publish","type":"page","link":"https:\/\/brazumaisvale.com\/en\/","title":{"rendered":"Home"},"content":{"rendered":"<div data-elementor-type=\"wp-page\" data-elementor-id=\"616\" class=\"elementor elementor-616\">\n\t\t\t\t\t\t<section class=\"elementor-section elementor-top-section elementor-element elementor-element-b10ba7e elementor-section-full_width elementor-section-height-default elementor-section-height-default\" data-id=\"b10ba7e\" data-element_type=\"section\">\n\t\t\t\t\t\t<div class=\"elementor-container elementor-column-gap-no\">\n\t\t\t\t\t<div class=\"elementor-column elementor-col-100 elementor-top-column elementor-element elementor-element-d4d8a97\" data-id=\"d4d8a97\" data-element_type=\"column\">\n\t\t\t<div class=\"elementor-widget-wrap elementor-element-populated\">\n\t\t\t\t\t\t<div class=\"elementor-element elementor-element-a7d3c60 elementor-widget elementor-widget-gva-rev-slider\" data-id=\"a7d3c60\" data-element_type=\"widget\" data-widget_type=\"gva-rev-slider.default\">\n\t\t\t\t\t<div class=\"gva-element-gva-rev-slider gva-element\">\n\t\t\t\t<p class=\"rs-p-wp-fix\"><\/p>\n\t\t\t\t<sr7-module data-alias=\"slider-1\" data-id=\"1\" id=\"SR7_1_1\" class=\"rs-ov-hidden\" data-version=\"6.7.38\">\n\t\t\t\t\t<sr7-adjuster><\/sr7-adjuster>\n\t\t\t\t\t<sr7-content>\n\t\t\t\t\t\t<sr7-slide id=\"SR7_1_1-1\" data-key=\"1\">\n\t\t\t\t\t\t\t<sr7-bg id=\"SR7_1_1-1-5\" class=\"sr7-layer\"><noscript><img decoding=\"async\" src=\"https:\/\/brazumaisvale.com\/wp-content\/uploads\/2025\/12\/sucata_1.jpeg\" alt=\"\" title=\"sucata_1\"><\/noscript><\/sr7-bg>\n\t\t\t\t\t\t\t<sr7-txt id=\"SR7_1_1-1-0\" class=\"sr7-layer\">Transformamos <br \/>\nem oportunidade<\/sr7-txt>\n\t\t\t\t\t\t\t<sr7-txt id=\"SR7_1_1-1-1\" class=\"sr7-layer\">Compra de Sucata<\/sr7-txt>\n\t\t\t\t\t\t\t<sr7-txt id=\"SR7_1_1-1-2\" class=\"sr7-layer\"><span>Fale connosco<\/span><\/sr7-txt>\n\t\t\t\t\t\t<\/sr7-slide>\n\t\t\t\t\t\t<sr7-slide id=\"SR7_1_1-2\" data-key=\"2\">\n\t\t\t\t\t\t\t<sr7-bg id=\"SR7_1_1-2-8\" class=\"sr7-layer\"><noscript><img decoding=\"async\" src=\"https:\/\/brazumaisvale.com\/wp-content\/uploads\/2026\/03\/car-being-taking-care-workshop-scaled.jpg\" alt=\"\" title=\"car-being-taking-care-workshop\"><\/noscript><\/sr7-bg>\n\t\t\t\t\t\t\t<sr7-txt id=\"SR7_1_1-2-0\" class=\"sr7-layer\">Economia e <br \/>\nseguran\u00e7a na estrada<\/sr7-txt>\n\t\t\t\t\t\t\t<sr7-txt id=\"SR7_1_1-2-1\" class=\"sr7-layer\">Recauchutagem Profissional de Pneus<\/sr7-txt>\n\t\t\t\t\t\t\t<sr7-txt id=\"SR7_1_1-2-2\" class=\"sr7-layer\"><span>Fale Connosco<\/span><\/sr7-txt>\n\t\t\t\t\t\t<\/sr7-slide>\n\t\t\t\t\t\t<sr7-slide id=\"SR7_1_1-10\" data-key=\"10\">\n\t\t\t\t\t\t\t<sr7-bg id=\"SR7_1_1-10-5\" class=\"sr7-layer\"><noscript><img decoding=\"async\" src=\"https:\/\/brazumaisvale.com\/wp-content\/uploads\/2025\/12\/3.png\" alt=\"\" title=\"3\"><\/noscript><\/sr7-bg>\n\t\t\t\t\t\t\t<sr7-txt id=\"SR7_1_1-10-0\" class=\"sr7-layer\">Cada <br \/>\nprato, uma hist\u00f3ria<\/sr7-txt>\n\t\t\t\t\t\t\t<sr7-txt id=\"SR7_1_1-10-1\" class=\"sr7-layer\">Experi\u00eancia Gastron\u00f3mica<\/sr7-txt>\n\t\t\t\t\t\t\t<sr7-txt id=\"SR7_1_1-10-2\" class=\"sr7-layer\"><span>Fale connosco<\/span><\/sr7-txt>\n\t\t\t\t\t\t<\/sr7-slide>\n\t\t\t\t\t\t<sr7-slide id=\"SR7_1_1-11\" data-key=\"11\">\n\t\t\t\t\t\t\t<sr7-bg id=\"SR7_1_1-11-5\" class=\"sr7-layer\"><noscript><img decoding=\"async\" src=\"https:\/\/brazumaisvale.com\/wp-content\/uploads\/2025\/12\/interna-A-sustentabilidade-ambiental-grupo-approach-1-1024x576-1.png\" alt=\"\" title=\"interna-A-sustentabilidade-ambiental-grupo-approach-1-1024&#215;576\"><\/noscript><\/sr7-bg>\n\t\t\t\t\t\t\t<sr7-txt id=\"SR7_1_1-11-0\" class=\"sr7-layer\">Cuidar <br \/>\nhoje Para amanh\u00e3<\/sr7-txt>\n\t\t\t\t\t\t\t<sr7-txt id=\"SR7_1_1-11-1\" class=\"sr7-layer\">Futuro Sustent\u00e1vel<\/sr7-txt>\n\t\t\t\t\t\t\t<sr7-txt id=\"SR7_1_1-11-2\" class=\"sr7-layer\"><span>Fale connosco<\/span><\/sr7-txt>\n\t\t\t\t\t\t<\/sr7-slide>\n\t\t\t\t\t\t<sr7-slide id=\"SR7_1_1-7\" data-key=\"7\">\n\t\t\t\t\t\t<\/sr7-slide>\n\t\t\t\t\t<\/sr7-content>\n\t\t\t\t\t<image_lists style=\"display:none\">\n\t\t\t\t\t\t<img data-src=\"\/\/brazumaisvale.com\/wp-content\/uploads\/revslider\/slider-1\/slider-1-shadow1.png\" data-libid=\"668\" data-lib=\"medialibrary\" title=\"slider-1-shadow1.png\" width=\"0\" height=\"0\" data-dbsrc=\"Ly9icmF6dW1haXN2YWxlLmNvbS93cC1jb250ZW50L3VwbG9hZHMvcmV2c2xpZGVyL3NsaWRlci0xL3NsaWRlci0xLXNoYWRvdzEucG5n\"\/>\n\t\t\t\t\t\t<img data-src=\"\/\/brazumaisvale.com\/wp-content\/uploads\/2025\/12\/sucata_1.jpeg\" data-libid=\"853\" data-lib=\"medialibrary\" title=\"sucata_1\" width=\"0\" height=\"0\" data-dbsrc=\"Ly9icmF6dW1haXN2YWxlLmNvbS93cC1jb250ZW50L3VwbG9hZHMvMjAyNS8xMi9zdWNhdGFfMS5qcGVn\"\/>\n\t\t\t\t\t\t<img data-src=\"\/\/brazumaisvale.com\/wp-content\/uploads\/revslider\/slider-1\/slider-2-lines1.png\" data-libid=\"673\" data-lib=\"medialibrary\" title=\"slider-2-lines1.png\" width=\"0\" height=\"0\" data-dbsrc=\"Ly9icmF6dW1haXN2YWxlLmNvbS93cC1jb250ZW50L3VwbG9hZHMvcmV2c2xpZGVyL3NsaWRlci0xL3NsaWRlci0yLWxpbmVzMS5wbmc=\"\/>\n\t\t\t\t\t\t<img loading=\"lazy\" data-src=\"\/\/brazumaisvale.com\/wp-content\/uploads\/2026\/03\/car-being-taking-care-workshop-scaled.jpg\" data-libid=\"1415\" data-lib=\"medialibrary\" title=\"car-being-taking-care-workshop\" width=\"0\" height=\"0\" data-dbsrc=\"Ly9icmF6dW1haXN2YWxlLmNvbS93cC1jb250ZW50L3VwbG9hZHMvMjAyNi8wMy9jYXItYmVpbmctdGFraW5nLWNhcmUtd29ya3Nob3Atc2NhbGVkLmpwZw==\"\/>\n\t\t\t\t\t\t<img loading=\"lazy\" data-src=\"\/\/brazumaisvale.com\/wp-content\/uploads\/2025\/12\/3.png\" data-libid=\"1090\" data-lib=\"medialibrary\" title=\"3\" width=\"0\" height=\"0\" data-dbsrc=\"Ly9icmF6dW1haXN2YWxlLmNvbS93cC1jb250ZW50L3VwbG9hZHMvMjAyNS8xMi8zLnBuZw==\"\/>\n\t\t\t\t\t\t<img loading=\"lazy\" data-src=\"\/\/brazumaisvale.com\/wp-content\/uploads\/2025\/12\/interna-A-sustentabilidade-ambiental-grupo-approach-1-1024x576-1.png\" data-libid=\"1122\" data-lib=\"medialibrary\" title=\"interna-A-sustentabilidade-ambiental-grupo-approach-1-1024&#215;576\" width=\"0\" height=\"0\" data-dbsrc=\"Ly9icmF6dW1haXN2YWxlLmNvbS93cC1jb250ZW50L3VwbG9hZHMvMjAyNS8xMi9pbnRlcm5hLUEtc3VzdGVudGFiaWxpZGFkZS1hbWJpZW50YWwtZ3J1cG8tYXBwcm9hY2gtMS0xMDI0eDU3Ni0xLnBuZw==\"\/>\n\t\t\t\t\t<\/image_lists>\n\t\t\t\t<\/sr7-module>\n\t\t\t\t<script>\n\t\t\t\t\tSR7.PMH ??={}; SR7.PMH[\"SR7_1_1\"] = {cn:100,state:false,fn: function() { if (_tpt!==undefined && _tpt.prepareModuleHeight !== undefined) {  _tpt.prepareModuleHeight({id:\"SR7_1_1\",el:[884,884,550,460,350],type:'standard',shdw:'0',gh:[884,884,550,460,350],gw:[1170,1170,1024,778,480],vpt:['-200px&#039;,&#039;-200px&#039;,&#039;-200px&#039;,&#039;-200px&#039;,&#039;-200px'],size:{fullWidth:false, fullHeight:false},mh:'0',onh:0,onw:0,bg:{color:'{\"orig\":\"transparent\",\"type\":\"solid\",\"string\":\"transparent\"}'},plType:'0',plColor:'#FFFFFF'});   SR7.PMH[\"SR7_1_1\"].state=true;} else if(SR7.PMH[\"SR7_1_1\"].cn-->0)\tsetTimeout( SR7.PMH[\"SR7_1_1\"].fn,19);}};SR7.PMH[\"SR7_1_1\" ].fn();\n\t\t\t\t<\/script>\n<\/div>\t\t\t\t<\/div>\n\t\t\t\t\t<\/div>\n\t\t<\/div>\n\t\t\t\t\t<\/div>\n\t\t<\/section>\n\t\t\t\t<section class=\"elementor-section elementor-top-section elementor-element elementor-element-c92f59f elementor-section-boxed elementor-section-height-default elementor-section-height-default\" data-id=\"c92f59f\" data-element_type=\"section\">\n\t\t\t\t\t\t<div class=\"elementor-container elementor-column-gap-no\">\n\t\t\t\t\t<div class=\"elementor-column elementor-col-50 elementor-top-column elementor-element elementor-element-a5e3202\" data-id=\"a5e3202\" data-element_type=\"column\">\n\t\t\t<div class=\"elementor-widget-wrap elementor-element-populated\">\n\t\t\t\t\t\t<div class=\"elementor-element elementor-element-2885c32 elementor-widget elementor-widget-gva-image-content\" data-id=\"2885c32\" data-element_type=\"widget\" data-widget_type=\"gva-image-content.default\">\n\t\t\t\t<div class=\"elementor-widget-container\">\n\t\t\t\t\t<div class=\"gva-element-gva-image-content gva-element\">\t\t\r\n\t\t\t<div class=\"about-one__single\">\r\n\t\t \t<div class=\"about-one__image\"><img decoding=\"async\" src=\"https:\/\/brazumaisvale.com\/wp-content\/uploads\/2023\/07\/BMV.png\" alt=\"\" \/><\/div>\t\t\t\r\n\t\t\t\t\r\n\r\n\t\t<\/div>\r\n\t  \r\n\t \r\n\r\n\t \r\n\r\n\t \r\n \r\n\r\n  \r\n\r\n \r\n \r\n <\/div>\t\t\t\t<\/div>\n\t\t\t\t<\/div>\n\t\t\t\t\t<\/div>\n\t\t<\/div>\n\t\t\t\t<div class=\"elementor-column elementor-col-50 elementor-top-column elementor-element elementor-element-f601076\" data-id=\"f601076\" data-element_type=\"column\">\n\t\t\t<div class=\"elementor-widget-wrap elementor-element-populated\">\n\t\t\t\t\t\t<div class=\"elementor-element elementor-element-0c5cc1b elementor-widget elementor-widget-gva-heading-block\" data-id=\"0c5cc1b\" data-element_type=\"widget\" data-widget_type=\"gva-heading-block.default\">\n\t\t\t\t<div class=\"elementor-widget-container\">\n\t\t\t\t\t<div class=\"gva-element-gva-heading-block gva-element\">   <div class=\"align-left style-1 widget gsc-heading box-align-left auto-responsive\">\r\n      <div class=\"content-inner\">\r\n         \r\n                  \r\n           \r\n         \r\n                     <h2 class=\"title\">\r\n               <span>Sobre a Nossa empresa<\/span>\r\n            <\/h2>\r\n                  \r\n                     <div class=\"title-desc\">Somos um grupo empresarial comprometido com a excel\u00eancia e a inova\u00e7\u00e3o nos setores em que atuamos. Trabalhamos diariamente para oferecer produtos e servi\u00e7os de elevada qualidade, garantindo solu\u00e7\u00f5es eficientes e competitivas para os nossos clientes.\nAcreditamos no crescimento sustent\u00e1vel, pautado pela responsabilidade social, pelo respeito ao meio ambiente e pela cria\u00e7\u00e3o de valor para a sociedade.<\/div>\r\n         \r\n         \r\n      <\/div>\r\n   <\/div>\r\n<\/div>\t\t\t\t<\/div>\n\t\t\t\t<\/div>\n\t\t\t\t<div class=\"elementor-element elementor-element-6c0425e elementor-widget__width-initial elementor-widget elementor-widget-gva-features-block\" data-id=\"6c0425e\" data-element_type=\"widget\" data-widget_type=\"gva-features-block.default\">\n\t\t\t\t<div class=\"elementor-widget-container\">\n\t\t\t\t\t<div class=\"gva-element-gva-features-block gva-element\">\r\n\r\n\r\n<div class=\"feature-two__single\"><div class=\"feature-two__wrapper\"><div class=\"feature-two__content\"><h3 class=\"feature-two__title\"><span class=\"feature-two__number\">01<\/span>Excel\u00eancia<\/h3><div class=\"feature-two__desc\">Buscamos continuamente os mais altos padr\u00f5es de qualidade em todas as nossas opera\u00e7\u00f5es, garantindo efici\u00eancia, profissionalismo e satisfa\u00e7\u00e3o para os nossos clientes e parceiros.<\/div><\/div><\/div><\/div>\r\n<\/div>\t\t\t\t<\/div>\n\t\t\t\t<\/div>\n\t\t\t\t<div class=\"elementor-element elementor-element-0cb4cad elementor-widget__width-initial elementor-widget elementor-widget-gva-features-block\" data-id=\"0cb4cad\" data-element_type=\"widget\" data-widget_type=\"gva-features-block.default\">\n\t\t\t\t<div class=\"elementor-widget-container\">\n\t\t\t\t\t<div class=\"gva-element-gva-features-block gva-element\">\r\n\r\n\r\n<div class=\"feature-two__single\"><div class=\"feature-two__wrapper\"><div class=\"feature-two__content\"><h3 class=\"feature-two__title\"><span class=\"feature-two__number\">02<\/span>Responsabilidade<\/h3><div class=\"feature-two__desc\">Assumimos o compromisso de atuar com \u00e9tica, responsabilidade social e respeito ao meio ambiente, contribuindo para o desenvolvimento sustent\u00e1vel das comunidades onde estamos presentes.<\/div><\/div><\/div><\/div>\r\n<\/div>\t\t\t\t<\/div>\n\t\t\t\t<\/div>\n\t\t\t\t\t<\/div>\n\t\t<\/div>\n\t\t\t\t\t<\/div>\n\t\t<\/section>\n\t\t\t\t<section class=\"elementor-section elementor-top-section elementor-element elementor-element-a8eae75 elementor-section-boxed elementor-section-height-default elementor-section-height-default\" data-id=\"a8eae75\" data-element_type=\"section\" data-settings=\"{&quot;background_background&quot;:&quot;classic&quot;}\">\n\t\t\t\t\t\t<div class=\"elementor-container elementor-column-gap-no\">\n\t\t\t\t\t<div class=\"elementor-column elementor-col-100 elementor-top-column elementor-element elementor-element-369b883\" data-id=\"369b883\" data-element_type=\"column\" data-settings=\"{&quot;background_background&quot;:&quot;classic&quot;}\">\n\t\t\t<div class=\"elementor-widget-wrap elementor-element-populated\">\n\t\t\t\t\t\t<section class=\"elementor-section elementor-inner-section elementor-element elementor-element-1c85c51 elementor-section-boxed elementor-section-height-default elementor-section-height-default\" data-id=\"1c85c51\" data-element_type=\"section\" data-settings=\"{&quot;background_background&quot;:&quot;classic&quot;}\">\n\t\t\t\t\t\t<div class=\"elementor-container elementor-column-gap-default\">\n\t\t\t\t\t<div class=\"elementor-column elementor-col-100 elementor-inner-column elementor-element elementor-element-cd79729\" data-id=\"cd79729\" data-element_type=\"column\">\n\t\t\t<div class=\"elementor-widget-wrap elementor-element-populated\">\n\t\t\t\t\t\t<div class=\"elementor-element elementor-element-99969c0 elementor-widget elementor-widget-gva-heading-block\" data-id=\"99969c0\" data-element_type=\"widget\" data-widget_type=\"gva-heading-block.default\">\n\t\t\t\t<div class=\"elementor-widget-container\">\n\t\t\t\t\t<div class=\"gva-element-gva-heading-block gva-element\">   <div class=\"align-center style-1 widget gsc-heading box-align-center auto-responsive\">\r\n      <div class=\"content-inner\">\r\n         \r\n                  \r\n           \r\n         \r\n                     <h2 class=\"title\">\r\n               <span>Nossos Servi\u00e7os<\/span>\r\n            <\/h2>\r\n                  \r\n         \r\n         \r\n      <\/div>\r\n   <\/div>\r\n<\/div>\t\t\t\t<\/div>\n\t\t\t\t<\/div>\n\t\t\t\t<div class=\"elementor-element elementor-element-efad52e elementor-arrows-position-inside elementor-pagination-position-outside elementor-widget elementor-widget-image-carousel\" data-id=\"efad52e\" data-element_type=\"widget\" data-settings=\"{&quot;navigation&quot;:&quot;both&quot;,&quot;autoplay&quot;:&quot;yes&quot;,&quot;pause_on_hover&quot;:&quot;yes&quot;,&quot;pause_on_interaction&quot;:&quot;yes&quot;,&quot;autoplay_speed&quot;:5000,&quot;infinite&quot;:&quot;yes&quot;,&quot;speed&quot;:500}\" data-widget_type=\"image-carousel.default\">\n\t\t\t\t\t\t\t<div class=\"elementor-image-carousel-wrapper swiper\" role=\"region\" aria-roledescription=\"carousel\" aria-label=\"Carrossel de imagens\" dir=\"ltr\">\n\t\t\t<div class=\"elementor-image-carousel swiper-wrapper\" aria-live=\"off\">\n\t\t\t\t\t\t\t\t<div class=\"swiper-slide\" role=\"group\" aria-roledescription=\"slide\" aria-label=\"1 de 5\"><a data-elementor-open-lightbox=\"yes\" data-elementor-lightbox-slideshow=\"efad52e\" data-elementor-lightbox-title=\"BRAZU BRINDES.jpg\" data-e-action-hash=\"#elementor-action%3Aaction%3Dlightbox%26settings%3DeyJpZCI6MTM0MiwidXJsIjoiaHR0cHM6XC9cL2JyYXp1bWFpc3ZhbGUuY29tXC93cC1jb250ZW50XC91cGxvYWRzXC8yMDI2XC8wMlwvQlJBWlUtQlJJTkRFUy5qcGctc2NhbGVkLmpwZWciLCJzbGlkZXNob3ciOiJlZmFkNTJlIn0%3D\" href=\"https:\/\/brazumaisvale.com\/en\/services\/\"><figure class=\"swiper-slide-inner\"><img decoding=\"async\" class=\"swiper-slide-image\" src=\"https:\/\/brazumaisvale.com\/wp-content\/uploads\/2026\/02\/BRAZU-BRINDES.jpg-600x540.jpeg\" alt=\"BRAZU BRINDES.jpg\" \/><\/figure><\/a><\/div><div class=\"swiper-slide\" role=\"group\" aria-roledescription=\"slide\" aria-label=\"2 de 5\"><a data-elementor-open-lightbox=\"yes\" data-elementor-lightbox-slideshow=\"efad52e\" data-elementor-lightbox-title=\"MAXVALE.jpg\" data-e-action-hash=\"#elementor-action%3Aaction%3Dlightbox%26settings%3DeyJpZCI6MTM0MywidXJsIjoiaHR0cHM6XC9cL2JyYXp1bWFpc3ZhbGUuY29tXC93cC1jb250ZW50XC91cGxvYWRzXC8yMDI2XC8wMlwvTUFYVkFMRS5qcGctc2NhbGVkLmpwZWciLCJzbGlkZXNob3ciOiJlZmFkNTJlIn0%3D\" href=\"https:\/\/brazumaisvale.com\/en\/services\/\"><figure class=\"swiper-slide-inner\"><img decoding=\"async\" class=\"swiper-slide-image\" src=\"https:\/\/brazumaisvale.com\/wp-content\/uploads\/2026\/02\/MAXVALE.jpg-600x540.jpeg\" alt=\"MAXVALE.jpg\" \/><\/figure><\/a><\/div><div class=\"swiper-slide\" role=\"group\" aria-roledescription=\"slide\" aria-label=\"3 de 5\"><a data-elementor-open-lightbox=\"yes\" data-elementor-lightbox-slideshow=\"efad52e\" data-elementor-lightbox-title=\"Sete Sabores.jpg\" data-e-action-hash=\"#elementor-action%3Aaction%3Dlightbox%26settings%3DeyJpZCI6MTM0NSwidXJsIjoiaHR0cHM6XC9cL2JyYXp1bWFpc3ZhbGUuY29tXC93cC1jb250ZW50XC91cGxvYWRzXC8yMDI2XC8wMlwvU2V0ZS1TYWJvcmVzLmpwZy1zY2FsZWQuanBlZyIsInNsaWRlc2hvdyI6ImVmYWQ1MmUifQ%3D%3D\" href=\"https:\/\/brazumaisvale.com\/en\/services\/\"><figure class=\"swiper-slide-inner\"><img decoding=\"async\" class=\"swiper-slide-image\" src=\"https:\/\/brazumaisvale.com\/wp-content\/uploads\/2026\/02\/Sete-Sabores.jpg-600x540.jpeg\" alt=\"Sete Sabores.jpg\" \/><\/figure><\/a><\/div><div class=\"swiper-slide\" role=\"group\" aria-roledescription=\"slide\" aria-label=\"4 de 5\"><a data-elementor-open-lightbox=\"yes\" data-elementor-lightbox-slideshow=\"efad52e\" data-elementor-lightbox-title=\"SUCATA JPG.jpg\" data-e-action-hash=\"#elementor-action%3Aaction%3Dlightbox%26settings%3DeyJpZCI6MTM0NiwidXJsIjoiaHR0cHM6XC9cL2JyYXp1bWFpc3ZhbGUuY29tXC93cC1jb250ZW50XC91cGxvYWRzXC8yMDI2XC8wMlwvU1VDQVRBLUpQRy5qcGctc2NhbGVkLmpwZWciLCJzbGlkZXNob3ciOiJlZmFkNTJlIn0%3D\" href=\"https:\/\/brazumaisvale.com\/en\/services\/\"><figure class=\"swiper-slide-inner\"><img decoding=\"async\" class=\"swiper-slide-image\" src=\"https:\/\/brazumaisvale.com\/wp-content\/uploads\/2026\/02\/SUCATA-JPG.jpg-600x540.jpeg\" alt=\"SUCATA JPG.jpg\" \/><\/figure><\/a><\/div><div class=\"swiper-slide\" role=\"group\" aria-roledescription=\"slide\" aria-label=\"5 de 5\"><a data-elementor-open-lightbox=\"yes\" data-elementor-lightbox-slideshow=\"efad52e\" data-elementor-lightbox-title=\"SUSTENTABILIDADE JPG.jpg\" data-e-action-hash=\"#elementor-action%3Aaction%3Dlightbox%26settings%3DeyJpZCI6MTM0NywidXJsIjoiaHR0cHM6XC9cL2JyYXp1bWFpc3ZhbGUuY29tXC93cC1jb250ZW50XC91cGxvYWRzXC8yMDI2XC8wMlwvU1VTVEVOVEFCSUxJREFERS1KUEcuanBnLXNjYWxlZC5qcGVnIiwic2xpZGVzaG93IjoiZWZhZDUyZSJ9\" href=\"https:\/\/brazumaisvale.com\/en\/services\/\"><figure class=\"swiper-slide-inner\"><img decoding=\"async\" class=\"swiper-slide-image\" src=\"https:\/\/brazumaisvale.com\/wp-content\/uploads\/2026\/02\/SUSTENTABILIDADE-JPG.jpg-600x540.jpeg\" alt=\"SUSTENTABILIDADE JPG.jpg\" \/><\/figure><\/a><\/div>\t\t\t<\/div>\n\t\t\t\t\t\t\t\t\t\t\t\t<div class=\"elementor-swiper-button elementor-swiper-button-prev\" role=\"button\" tabindex=\"0\">\n\t\t\t\t\t\t<svg aria-hidden=\"true\" class=\"e-font-icon-svg e-eicon-chevron-left\" viewbox=\"0 0 1000 1000\" xmlns=\"http:\/\/www.w3.org\/2000\/svg\"><path d=\"M646 125C629 125 613 133 604 142L308 442C296 454 292 471 292 487 292 504 296 521 308 533L604 854C617 867 629 875 646 875 663 875 679 871 692 858 704 846 713 829 713 812 713 796 708 779 692 767L438 487 692 225C700 217 708 204 708 187 708 171 704 154 692 142 675 129 663 125 646 125Z\"><\/path><\/svg>\t\t\t\t\t<\/div>\n\t\t\t\t\t<div class=\"elementor-swiper-button elementor-swiper-button-next\" role=\"button\" tabindex=\"0\">\n\t\t\t\t\t\t<svg aria-hidden=\"true\" class=\"e-font-icon-svg e-eicon-chevron-right\" viewbox=\"0 0 1000 1000\" xmlns=\"http:\/\/www.w3.org\/2000\/svg\"><path d=\"M696 533C708 521 713 504 713 487 713 471 708 454 696 446L400 146C388 133 375 125 354 125 338 125 325 129 313 142 300 154 292 171 292 187 292 204 296 221 308 233L563 492 304 771C292 783 288 800 288 817 288 833 296 850 308 863 321 871 338 875 354 875 371 875 388 867 400 854L696 533Z\"><\/path><\/svg>\t\t\t\t\t<\/div>\n\t\t\t\t\n\t\t\t\t\t\t\t\t\t<div class=\"swiper-pagination\"><\/div>\n\t\t\t\t\t\t\t\t\t<\/div>\n\t\t\t\t\t\t<\/div>\n\t\t\t\t<div class=\"elementor-element elementor-element-7f0ba03 elementor-align-right e-transform elementor-widget elementor-widget-button\" data-id=\"7f0ba03\" data-element_type=\"widget\" data-settings=\"{&quot;_transform_skewX_effect_hover&quot;:{&quot;unit&quot;:&quot;px&quot;,&quot;size&quot;:&quot;&quot;,&quot;sizes&quot;:[]},&quot;_transform_skewX_effect_hover_tablet&quot;:{&quot;unit&quot;:&quot;deg&quot;,&quot;size&quot;:&quot;&quot;,&quot;sizes&quot;:[]},&quot;_transform_skewX_effect_hover_mobile&quot;:{&quot;unit&quot;:&quot;deg&quot;,&quot;size&quot;:&quot;&quot;,&quot;sizes&quot;:[]},&quot;_transform_skewY_effect_hover&quot;:{&quot;unit&quot;:&quot;px&quot;,&quot;size&quot;:&quot;&quot;,&quot;sizes&quot;:[]},&quot;_transform_skewY_effect_hover_tablet&quot;:{&quot;unit&quot;:&quot;deg&quot;,&quot;size&quot;:&quot;&quot;,&quot;sizes&quot;:[]},&quot;_transform_skewY_effect_hover_mobile&quot;:{&quot;unit&quot;:&quot;deg&quot;,&quot;size&quot;:&quot;&quot;,&quot;sizes&quot;:[]}}\" data-widget_type=\"button.default\">\n\t\t\t\t\t\t\t\t\t\t<a class=\"elementor-button elementor-button-link elementor-size-sm\" href=\"https:\/\/brazumaisvale.com\/en\/services\/\">\n\t\t\t\t\t\t<span class=\"elementor-button-content-wrapper\">\n\t\t\t\t\t\t\t\t\t<span class=\"elementor-button-text\">Ver Mais<\/span>\n\t\t\t\t\t<\/span>\n\t\t\t\t\t<\/a>\n\t\t\t\t\t\t\t\t<\/div>\n\t\t\t\t\t<\/div>\n\t\t<\/div>\n\t\t\t\t\t<\/div>\n\t\t<\/section>\n\t\t\t\t<div class=\"elementor-element elementor-element-1b7455a elementor-widget elementor-widget-html\" data-id=\"1b7455a\" data-element_type=\"widget\" data-widget_type=\"html.default\">\n\t\t\t\t\t<div class=\"business-heading__one\"> <span>Os Nossos Parceiros<\/span><\/div>\t\t\t\t<\/div>\n\t\t\t\t<div class=\"elementor-element elementor-element-70810014 elementor-widget elementor-widget-gva-brand\" data-id=\"70810014\" data-element_type=\"widget\" data-widget_type=\"gva-brand.default\">\n\t\t\t\t<div class=\"elementor-widget-container\">\n\t\t\t\t\t<div class=\"gva-element-gva-brand gva-element\">\r\n<div class=\"gva-brand-carousel style-1\">\r\n   <div class=\"swiper-content-inner\">\r\n      <div class=\"init-carousel-swiper swiper\" data-carousel=\"{&quot;items&quot;:5,&quot;items_lg&quot;:5,&quot;items_md&quot;:4,&quot;items_sm&quot;:3,&quot;items_xs&quot;:2,&quot;items_xx&quot;:2,&quot;effect&quot;:&quot;slide&quot;,&quot;space_between&quot;:30,&quot;loop&quot;:1,&quot;speed&quot;:600,&quot;autoplay&quot;:1,&quot;autoplay_delay&quot;:4500,&quot;autoplay_hover&quot;:1,&quot;navigation&quot;:1,&quot;pagination&quot;:0,&quot;dynamic_bullets&quot;:0,&quot;pagination_type&quot;:&quot;bullets&quot;}\">\r\n         <div class=\"swiper-wrapper\">\r\n            \r\n            <div class=\"swiper-slide item brand-item\"><div class=\"brand-item-content\"><div class=\"brand-item-image\"><img decoding=\"async\" src=\"https:\/\/brazumaisvale.com\/wp-content\/uploads\/2025\/12\/sociedade-mineira-de-kaixepa-1-removebg-preview-e1765276127957.png\" alt=\"\" class=\"brand-img\"\/><\/div><\/div><\/div><div class=\"swiper-slide item brand-item\"><div class=\"brand-item-content\"><div class=\"brand-item-image\"><img decoding=\"async\" src=\"https:\/\/brazumaisvale.com\/wp-content\/uploads\/2025\/12\/engevia_construaoo_civil_e_obras_publicas_logo-removebg-preview-e1765275677439.png\" alt=\"\" class=\"brand-img\"\/><\/div><\/div><\/div><div class=\"swiper-slide item brand-item\"><div class=\"brand-item-content\"><div class=\"brand-item-image\"><img decoding=\"async\" src=\"https:\/\/brazumaisvale.com\/wp-content\/uploads\/2025\/12\/Logo-Hipermaquinas-Horizontal-1.png\" alt=\"\" class=\"brand-img\"\/><\/div><\/div><\/div><div class=\"swiper-slide item brand-item\"><div class=\"brand-item-content\"><div class=\"brand-item-image\"><img decoding=\"async\" src=\"https:\/\/brazumaisvale.com\/wp-content\/uploads\/2025\/12\/LOGO-EPN.png\" alt=\"\" class=\"brand-img\"\/><\/div><\/div><\/div><div class=\"swiper-slide item brand-item\"><div class=\"brand-item-content\"><div class=\"brand-item-image\"><img decoding=\"async\" src=\"https:\/\/brazumaisvale.com\/wp-content\/uploads\/2025\/12\/LOGO-BIOCOM.png\" alt=\"\" class=\"brand-img\"\/><\/div><\/div><\/div><div class=\"swiper-slide item brand-item\"><div class=\"brand-item-content\"><div class=\"brand-item-image\"><img decoding=\"async\" src=\"https:\/\/brazumaisvale.com\/wp-content\/uploads\/2025\/12\/Luachimo-sqr-removebg-preview-e1765276656273.png\" alt=\"\" class=\"brand-img\"\/><\/div><\/div><\/div>\r\n         <\/div>\r\n      <\/div>   \r\n   <\/div>\r\n   <div class=\"swiper-pagination\"><\/div>   <div class=\"swiper-nav-next\"><\/div><div class=\"swiper-nav-prev\"><\/div><\/div>\r\n<\/div>\t\t\t\t<\/div>\n\t\t\t\t<\/div>\n\t\t\t\t\t<\/div>\n\t\t<\/div>\n\t\t\t\t\t<\/div>\n\t\t<\/section>\n\t\t\t\t<\/div>","protected":false},"excerpt":{"rendered":"<p>Sobre a Nossa empresa Somos um grupo empresarial comprometido com a excel\u00eancia e a inova\u00e7\u00e3o nos setores em que atuamos. Trabalhamos diariamente para oferecer produtos e servi\u00e7os de elevada qualidade, [&hellip;]<\/p>","protected":false},"author":1,"featured_media":0,"parent":0,"menu_order":0,"comment_status":"closed","ping_status":"closed","template":"","meta":{"pagelayer_contact_templates":[],"_pagelayer_content":"","footnotes":""},"class_list":["post-616","page","type-page","status-publish","hentry"],"_links":{"self":[{"href":"https:\/\/brazumaisvale.com\/en\/wp-json\/wp\/v2\/pages\/616","targetHints":{"allow":["GET"]}}],"collection":[{"href":"https:\/\/brazumaisvale.com\/en\/wp-json\/wp\/v2\/pages"}],"about":[{"href":"https:\/\/brazumaisvale.com\/en\/wp-json\/wp\/v2\/types\/page"}],"author":[{"embeddable":true,"href":"https:\/\/brazumaisvale.com\/en\/wp-json\/wp\/v2\/users\/1"}],"replies":[{"embeddable":true,"href":"https:\/\/brazumaisvale.com\/en\/wp-json\/wp\/v2\/comments?post=616"}],"version-history":[{"count":189,"href":"https:\/\/brazumaisvale.com\/en\/wp-json\/wp\/v2\/pages\/616\/revisions"}],"predecessor-version":[{"id":1403,"href":"https:\/\/brazumaisvale.com\/en\/wp-json\/wp\/v2\/pages\/616\/revisions\/1403"}],"wp:attachment":[{"href":"https:\/\/brazumaisvale.com\/en\/wp-json\/wp\/v2\/media?parent=616"}],"curies":[{"name":"wp","href":"https:\/\/api.w.org\/{rel}","templated":true}]}}