{"id":567,"date":"2023-12-03T23:18:25","date_gmt":"2023-12-04T03:18:25","guid":{"rendered":"https:\/\/themegavias.com\/wp\/pisole\/?page_id=567"},"modified":"2026-01-27T10:23:41","modified_gmt":"2026-01-27T10:23:41","slug":"sustentablidade-ambiental","status":"publish","type":"page","link":"https:\/\/brazumaisvale.com\/en\/services\/sustentablidade-ambiental\/","title":{"rendered":"Sustentablidade Ambiental"},"content":{"rendered":"<div data-elementor-type=\"wp-page\" data-elementor-id=\"567\" class=\"elementor elementor-567\">\n\t\t\t\t\t\t<section class=\"elementor-section elementor-top-section elementor-element elementor-element-5e1eff3b elementor-section-boxed elementor-section-height-default elementor-section-height-default\" data-id=\"5e1eff3b\" data-element_type=\"section\" data-settings=\"{&quot;background_background&quot;:&quot;slideshow&quot;,&quot;background_slideshow_gallery&quot;:[{&quot;id&quot;:294,&quot;url&quot;:&quot;https:\\\/\\\/themegavias.com\\\/wp\\\/pisole\\\/wp-content\\\/uploads\\\/2023\\\/08\\\/breadcrumb.jpg&quot;},{&quot;id&quot;:414,&quot;url&quot;:&quot;https:\\\/\\\/themegavias.com\\\/wp\\\/pisole\\\/wp-content\\\/uploads\\\/2023\\\/08\\\/breadcrumb-01.jpg&quot;}],&quot;background_slideshow_ken_burns&quot;:&quot;yes&quot;,&quot;background_slideshow_loop&quot;:&quot;yes&quot;,&quot;background_slideshow_slide_duration&quot;:5000,&quot;background_slideshow_slide_transition&quot;:&quot;fade&quot;,&quot;background_slideshow_transition_duration&quot;:500,&quot;background_slideshow_ken_burns_zoom_direction&quot;:&quot;in&quot;}\">\n\t\t\t\t\t\t<div class=\"elementor-container elementor-column-gap-default\">\n\t\t\t\t\t<div class=\"elementor-column elementor-col-100 elementor-top-column elementor-element elementor-element-44498922\" data-id=\"44498922\" data-element_type=\"column\">\n\t\t\t<div class=\"elementor-widget-wrap elementor-element-populated\">\n\t\t\t\t\t\t<div class=\"elementor-element elementor-element-5a147cd2 elementor-widget elementor-widget-gva-heading-block\" data-id=\"5a147cd2\" data-element_type=\"widget\" data-widget_type=\"gva-heading-block.default\">\n\t\t\t\t<div class=\"elementor-widget-container\">\n\t\t\t\t\t<div class=\"gva-element-gva-heading-block gva-element\">   <div class=\"align-left style-1 widget gsc-heading box-align-left auto-responsive\">\r\n      <div class=\"content-inner\">\r\n         \r\n                  \r\n           \r\n         \r\n                     <h2 class=\"title\">\r\n               <span>Sustentabilidade Ambiental<\/span>\r\n            <\/h2>\r\n                  \r\n                     <div class=\"title-desc\">Princ\u00edpios da Sustentabilidade Ambiental<\/div>\r\n         \r\n         \r\n      <\/div>\r\n   <\/div>\r\n<\/div>\t\t\t\t<\/div>\n\t\t\t\t<\/div>\n\t\t\t\t\t<\/div>\n\t\t<\/div>\n\t\t\t\t\t<\/div>\n\t\t<\/section>\n\t\t\t\t<section class=\"elementor-section elementor-top-section elementor-element elementor-element-1bbd9832 elementor-section-boxed elementor-section-height-default elementor-section-height-default\" data-id=\"1bbd9832\" data-element_type=\"section\">\n\t\t\t\t\t\t<div class=\"elementor-container elementor-column-gap-default\">\n\t\t\t\t\t<div class=\"elementor-column elementor-col-50 elementor-top-column elementor-element elementor-element-24725727\" data-id=\"24725727\" data-element_type=\"column\">\n\t\t\t<div class=\"elementor-widget-wrap elementor-element-populated\">\n\t\t\t\t\t\t<div class=\"elementor-element elementor-element-60d937d8 elementor-widget elementor-widget-wp-widget-nav_menu\" data-id=\"60d937d8\" data-element_type=\"widget\" data-widget_type=\"wp-widget-nav_menu.default\">\n\t\t\t\t<div class=\"elementor-widget-container\">\n\t\t\t\t\t<div class=\"menu-services-container\"><ul id=\"menu-services\" class=\"menu\"><li id=\"menu-item-641\" class=\"menu-item menu-item-type-post_type menu-item-object-page menu-item-641\"><a href=\"https:\/\/brazumaisvale.com\/en\/services\/sucata\/\">Sucata<\/a><\/li>\n<li id=\"menu-item-640\" class=\"menu-item menu-item-type-post_type menu-item-object-page menu-item-640\"><a href=\"https:\/\/brazumaisvale.com\/en\/services\/restauracao-sete-sabores\/\">Restaura\u00e7\u00e3o sete sabores<\/a><\/li>\n<li id=\"menu-item-643\" class=\"menu-item menu-item-type-post_type menu-item-object-page menu-item-643\"><a href=\"https:\/\/brazumaisvale.com\/en\/services\/estacao-de-servico\/\">Esta\u00e7\u00e3o de Servi\u00e7o<\/a><\/li>\n<li id=\"menu-item-642\" class=\"menu-item menu-item-type-post_type menu-item-object-page menu-item-642\"><a href=\"https:\/\/brazumaisvale.com\/en\/services\/maxvale-pneus\/\">MAXVALE PNEUS<\/a><\/li>\n<li id=\"menu-item-639\" class=\"menu-item menu-item-type-post_type menu-item-object-page menu-item-639\"><a href=\"https:\/\/brazumaisvale.com\/en\/services\/sustentablidade-ambiental\/\">Sustentablidade Ambiental<\/a><\/li>\n<\/ul><\/div>\t\t\t\t<\/div>\n\t\t\t\t<\/div>\n\t\t\t\t<section class=\"elementor-section elementor-inner-section elementor-element elementor-element-e40fc62 elementor-section-boxed elementor-section-height-default elementor-section-height-default\" data-id=\"e40fc62\" data-element_type=\"section\" data-settings=\"{&quot;background_background&quot;:&quot;classic&quot;}\">\n\t\t\t\t\t\t\t<div class=\"elementor-background-overlay\"><\/div>\n\t\t\t\t\t\t\t<div class=\"elementor-container elementor-column-gap-default\">\n\t\t\t\t\t<div class=\"elementor-column elementor-col-100 elementor-inner-column elementor-element elementor-element-17cb70c\" data-id=\"17cb70c\" data-element_type=\"column\">\n\t\t\t<div class=\"elementor-widget-wrap elementor-element-populated\">\n\t\t\t\t\t\t<div class=\"elementor-element elementor-element-0de5910 elementor-view-stacked elementor-shape-circle elementor-position-top elementor-mobile-position-top elementor-widget elementor-widget-icon-box\" data-id=\"0de5910\" data-element_type=\"widget\" data-widget_type=\"icon-box.default\">\n\t\t\t\t\t\t\t<div class=\"elementor-icon-box-wrapper\">\n\n\t\t\t\t\t\t<div class=\"elementor-icon-box-icon\">\n\t\t\t\t<span  class=\"elementor-icon\">\n\t\t\t\t<i aria-hidden=\"true\" class=\"picon-telephone\"><\/i>\t\t\t\t<\/span>\n\t\t\t<\/div>\n\t\t\t\n\t\t\t\t\t\t<div class=\"elementor-icon-box-content\">\n\n\t\t\t\t\t\t\t\t\t<h3 class=\"elementor-icon-box-title\">\n\t\t\t\t\t\t<span  >\n\t\t\t\t\t\t\tProcisa de suporte r\u00e1pido?\t\t\t\t\t\t<\/span>\n\t\t\t\t\t<\/h3>\n\t\t\t\t\n\t\t\t\t\n\t\t\t<\/div>\n\t\t\t\n\t\t<\/div>\n\t\t\t\t\t\t<\/div>\n\t\t\t\t<div class=\"elementor-element elementor-element-af312b6 elementor-widget elementor-widget-text-editor\" data-id=\"af312b6\" data-element_type=\"widget\" data-widget_type=\"text-editor.default\">\n\t\t\t\t\t\t\t\t\t<div><div class=\"elementor-element elementor-element-45d9f74 elementor-widget elementor-widget-text-editor\" data-id=\"45d9f74\" data-element_type=\"widget\" data-widget_type=\"text-editor.default\"><div>Fale com um especialista<\/div><\/div><\/div>\t\t\t\t\t\t\t\t<\/div>\n\t\t\t\t<div class=\"elementor-element elementor-element-397189b elementor-widget elementor-widget-text-editor\" data-id=\"397189b\" data-element_type=\"widget\" data-widget_type=\"text-editor.default\">\n\t\t\t\t\t\t\t\t\t<p>(+244) 939 330 387<\/p>\t\t\t\t\t\t\t\t<\/div>\n\t\t\t\t\t<\/div>\n\t\t<\/div>\n\t\t\t\t\t<\/div>\n\t\t<\/section>\n\t\t\t\t\t<\/div>\n\t\t<\/div>\n\t\t\t\t<div class=\"elementor-column elementor-col-50 elementor-top-column elementor-element elementor-element-80aeee8\" data-id=\"80aeee8\" data-element_type=\"column\">\n\t\t\t<div class=\"elementor-widget-wrap elementor-element-populated\">\n\t\t\t\t\t\t<div class=\"elementor-element elementor-element-191b091d elementor-widget elementor-widget-gva-gallery\" data-id=\"191b091d\" data-element_type=\"widget\" data-widget_type=\"gva-gallery.default\">\n\t\t\t\t<div class=\"elementor-widget-container\">\n\t\t\t\t\t<div class=\"gva-element-gva-gallery gva-element\">\r\n<div class=\"gva-gallery-carousel swiper-slider-wrapper style-1\">\r\n\t<div class=\"swiper-content-inner\">\r\n   \t<div class=\"init-carousel-swiper swiper\" data-carousel=\"{&quot;items&quot;:1,&quot;items_lg&quot;:1,&quot;items_md&quot;:1,&quot;items_sm&quot;:1,&quot;items_xs&quot;:1,&quot;items_xx&quot;:1,&quot;effect&quot;:&quot;slide&quot;,&quot;space_between&quot;:30,&quot;loop&quot;:1,&quot;speed&quot;:600,&quot;autoplay&quot;:1,&quot;autoplay_delay&quot;:4500,&quot;autoplay_hover&quot;:1,&quot;navigation&quot;:1,&quot;pagination&quot;:0,&quot;dynamic_bullets&quot;:0,&quot;pagination_type&quot;:&quot;bullets&quot;}\">\r\n      \t<div class=\"swiper-wrapper\">\r\n\t\t\t\t<div class=\"swiper-slide item\">\r\n<div class=\"gallery-item style-1\">\r\n         <div class=\"image\">\r\n         <img decoding=\"async\" src=\"https:\/\/brazumaisvale.com\/wp-content\/uploads\/2025\/12\/interna-A-sustentabilidade-ambiental-grupo-approach-1-1024x576-1.png\" alt=\"VR Ears Software\" \/>  \r\n      <\/div>\r\n      <a class=\"photo-gallery\" href=\"https:\/\/brazumaisvale.com\/wp-content\/uploads\/2025\/12\/interna-A-sustentabilidade-ambiental-grupo-approach-1-1024x576-1.png\" data-elementor-lightbox-slideshow=\"gallery-n2s7\" aria-label=\"gallery\"><i class=\"fas fa-expand\"><\/i><\/a>\r\n   \r\n   <div class=\"image-content\">\r\n      <div class=\"content-inner\">\r\n                     <h3 class=\"title\">VR Ears Software<\/h3>\r\n                              <div class=\"sub-title\">Technology<\/div>\r\n               <\/div>   \r\n   <\/div>\r\n<\/div>\r\n<\/div><div class=\"swiper-slide item\">\r\n<div class=\"gallery-item style-1\">\r\n         <div class=\"image\">\r\n         <img decoding=\"async\" src=\"https:\/\/brazumaisvale.com\/wp-content\/uploads\/2025\/12\/O-que-e-sustentabilidade-ambiental.jpg\" alt=\"Smart Audio\" \/>  \r\n      <\/div>\r\n      <a class=\"photo-gallery\" href=\"https:\/\/brazumaisvale.com\/wp-content\/uploads\/2025\/12\/O-que-e-sustentabilidade-ambiental.jpg\" data-elementor-lightbox-slideshow=\"gallery-n2s7\" aria-label=\"gallery\"><i class=\"fas fa-expand\"><\/i><\/a>\r\n   \r\n   <div class=\"image-content\">\r\n      <div class=\"content-inner\">\r\n                     <h3 class=\"title\">Smart Audio<\/h3>\r\n                              <div class=\"sub-title\">Videos<\/div>\r\n               <\/div>   \r\n   <\/div>\r\n<\/div>\r\n<\/div>\t\t\t<\/div>\r\n\t\t<\/div>\r\n\t<\/div>\r\n\t<div class=\"swiper-pagination\"><\/div>   <div class=\"swiper-nav-next\"><\/div><div class=\"swiper-nav-prev\"><\/div><\/div>\r\n<\/div>\t\t\t\t<\/div>\n\t\t\t\t<\/div>\n\t\t\t\t<div class=\"elementor-element elementor-element-43ad68b3 elementor-widget elementor-widget-text-editor\" data-id=\"43ad68b3\" data-element_type=\"widget\" data-widget_type=\"text-editor.default\">\n\t\t\t\t\t\t\t\t\t<p>A sustentabilidade ambiental consiste em utilizar os recursos naturais de forma respons\u00e1vel, reduzindo impactos negativos no meio ambiente. Envolve pr\u00e1ticas como reciclagem, gest\u00e3o adequada de res\u00edduos, economia de energia, uso consciente da \u00e1gua e promo\u00e7\u00e3o de a\u00e7\u00f5es que protegem a natureza.<br data-start=\"436\" data-end=\"439\" \/>A nossa empresa compromete-se a adotar medidas sustent\u00e1veis para contribuir com um futuro mais saud\u00e1vel e equilibrado para todos.<\/p>\t\t\t\t\t\t\t\t<\/div>\n\t\t\t\t<div class=\"elementor-element elementor-element-14736ae0 elementor-icon-list--layout-traditional elementor-list-item-link-full_width elementor-widget elementor-widget-icon-list\" data-id=\"14736ae0\" data-element_type=\"widget\" data-widget_type=\"icon-list.default\">\n\t\t\t\t\t\t\t<ul class=\"elementor-icon-list-items\">\n\t\t\t\t\t\t\t<li class=\"elementor-icon-list-item\">\n\t\t\t\t\t\t\t\t\t\t\t<span class=\"elementor-icon-list-icon\">\n\t\t\t\t\t\t\t<svg aria-hidden=\"true\" class=\"e-font-icon-svg e-fas-arrow-circle-right\" viewbox=\"0 0 512 512\" xmlns=\"http:\/\/www.w3.org\/2000\/svg\"><path d=\"M256 8c137 0 248 111 248 248S393 504 256 504 8 393 8 256 119 8 256 8zm-28.9 143.6l75.5 72.4H120c-13.3 0-24 10.7-24 24v16c0 13.3 10.7 24 24 24h182.6l-75.5 72.4c-9.7 9.3-9.9 24.8-.4 34.3l11 10.9c9.4 9.4 24.6 9.4 33.9 0L404.3 273c9.4-9.4 9.4-24.6 0-33.9L271.6 106.3c-9.4-9.4-24.6-9.4-33.9 0l-11 10.9c-9.5 9.6-9.3 25.1.4 34.4z\"><\/path><\/svg>\t\t\t\t\t\t<\/span>\n\t\t\t\t\t\t\t\t\t\t<span class=\"elementor-icon-list-text\">Protege a biodiversidade e os ecossistemas<\/span>\n\t\t\t\t\t\t\t\t\t<\/li>\n\t\t\t\t\t\t\t\t<li class=\"elementor-icon-list-item\">\n\t\t\t\t\t\t\t\t\t\t\t<span class=\"elementor-icon-list-icon\">\n\t\t\t\t\t\t\t<svg aria-hidden=\"true\" class=\"e-font-icon-svg e-fas-arrow-circle-right\" viewbox=\"0 0 512 512\" xmlns=\"http:\/\/www.w3.org\/2000\/svg\"><path d=\"M256 8c137 0 248 111 248 248S393 504 256 504 8 393 8 256 119 8 256 8zm-28.9 143.6l75.5 72.4H120c-13.3 0-24 10.7-24 24v16c0 13.3 10.7 24 24 24h182.6l-75.5 72.4c-9.7 9.3-9.9 24.8-.4 34.3l11 10.9c9.4 9.4 24.6 9.4 33.9 0L404.3 273c9.4-9.4 9.4-24.6 0-33.9L271.6 106.3c-9.4-9.4-24.6-9.4-33.9 0l-11 10.9c-9.5 9.6-9.3 25.1.4 34.4z\"><\/path><\/svg>\t\t\t\t\t\t<\/span>\n\t\t\t\t\t\t\t\t\t\t<span class=\"elementor-icon-list-text\">Reduz custos operacionais com uso eficiente de recursos<\/span>\n\t\t\t\t\t\t\t\t\t<\/li>\n\t\t\t\t\t\t\t\t<li class=\"elementor-icon-list-item\">\n\t\t\t\t\t\t\t\t\t\t\t<span class=\"elementor-icon-list-icon\">\n\t\t\t\t\t\t\t<svg aria-hidden=\"true\" class=\"e-font-icon-svg e-fas-arrow-circle-right\" viewbox=\"0 0 512 512\" xmlns=\"http:\/\/www.w3.org\/2000\/svg\"><path d=\"M256 8c137 0 248 111 248 248S393 504 256 504 8 393 8 256 119 8 256 8zm-28.9 143.6l75.5 72.4H120c-13.3 0-24 10.7-24 24v16c0 13.3 10.7 24 24 24h182.6l-75.5 72.4c-9.7 9.3-9.9 24.8-.4 34.3l11 10.9c9.4 9.4 24.6 9.4 33.9 0L404.3 273c9.4-9.4 9.4-24.6 0-33.9L271.6 106.3c-9.4-9.4-24.6-9.4-33.9 0l-11 10.9c-9.5 9.6-9.3 25.1.4 34.4z\"><\/path><\/svg>\t\t\t\t\t\t<\/span>\n\t\t\t\t\t\t\t\t\t\t<span class=\"elementor-icon-list-text\">Diminui o impacto ambiental das atividades humanas<\/span>\n\t\t\t\t\t\t\t\t\t<\/li>\n\t\t\t\t\t\t<\/ul>\n\t\t\t\t\t\t<\/div>\n\t\t\t\t\t<\/div>\n\t\t<\/div>\n\t\t\t\t\t<\/div>\n\t\t<\/section>\n\t\t\t\t<section class=\"elementor-section elementor-top-section elementor-element elementor-element-6038a60a elementor-section-boxed elementor-section-height-default elementor-section-height-default\" data-id=\"6038a60a\" data-element_type=\"section\">\n\t\t\t\t\t\t<div class=\"elementor-container elementor-column-gap-default\">\n\t\t\t\t\t<div class=\"elementor-column elementor-col-100 elementor-top-column elementor-element elementor-element-1993e0f7\" data-id=\"1993e0f7\" data-element_type=\"column\">\n\t\t\t<div class=\"elementor-widget-wrap elementor-element-populated\">\n\t\t\t\t\t\t<div class=\"elementor-element elementor-element-7a7ea295 elementor-widget elementor-widget-heading\" data-id=\"7a7ea295\" data-element_type=\"widget\" data-widget_type=\"heading.default\">\n\t\t\t\t\t<h2 class=\"elementor-heading-title elementor-size-default\">Nossos Objectivos<\/h2>\t\t\t\t<\/div>\n\t\t\t\t<div class=\"elementor-element elementor-element-7ccdcde4 elementor-widget elementor-widget-gva_icon_box_group\" data-id=\"7ccdcde4\" data-element_type=\"widget\" data-widget_type=\"gva_icon_box_group.default\">\n\t\t\t\t<div class=\"elementor-widget-container\">\n\t\t\t\t\t<div class=\"gva-element-gva_icon_box_group gva-element\">\r\n<div class=\"gsc-icon-box-group layout-carousel swiper-slider-wrapper\">\r\n   <div class=\"swiper-content-inner\">\r\n      <div class=\"init-carousel-swiper swiper\" data-carousel=\"{&quot;items&quot;:3,&quot;items_lg&quot;:3,&quot;items_md&quot;:3,&quot;items_sm&quot;:2,&quot;items_xs&quot;:2,&quot;items_xx&quot;:2,&quot;effect&quot;:&quot;slide&quot;,&quot;space_between&quot;:30,&quot;loop&quot;:1,&quot;speed&quot;:600,&quot;autoplay&quot;:1,&quot;autoplay_delay&quot;:4500,&quot;autoplay_hover&quot;:1,&quot;navigation&quot;:1,&quot;pagination&quot;:0,&quot;dynamic_bullets&quot;:0,&quot;pagination_type&quot;:&quot;bullets&quot;}\">\r\n         <div class=\"swiper-wrapper\">\r\n            <div class=\"swiper-slide\">\r\n<div class=\"icon-box-item elementor-repeater-item-d833a49\">\r\n\r\n\t\r\n\t\r\n\t\r\n\t<div class=\"iconbox-four__single\"><div class=\"iconbox-four__wrap\"><div class=\"iconbox-four__icon\"><i aria-hidden=\"true\" class=\"picon-mission\"><\/i><\/div><div class=\"iconbox-four__content\"><h3 class=\"iconbox-four__title\">Preservar os recursos naturais<\/h3><div class=\"iconbox-four__desc\">Usando consciente da \u00e1gua, energia, solo e biodiversidade.<\/div><\/div>\t\t  \t<a href=\"http:\/\/localhost\/wp\/qizon\/about\/\" class=\"iconbox-four__link-overlay\" aria-label=\"link\">\r\n\t\t\t \t\t\t  \t<\/a>\r\n\t\t  <\/div><\/div>\r\n\t\r\n<\/div><\/div><div class=\"swiper-slide\">\r\n<div class=\"icon-box-item elementor-repeater-item-b50c52e\">\r\n\r\n\t\r\n\t\r\n\t\r\n\t<div class=\"iconbox-four__single\"><div class=\"iconbox-four__wrap\"><div class=\"iconbox-four__icon\"><i aria-hidden=\"true\" class=\"picon-team\"><\/i><\/div><div class=\"iconbox-four__content\"><h3 class=\"iconbox-four__title\">Reduzir os impactos ambientais<\/h3><div class=\"iconbox-four__desc\">Minimizar polui\u00e7\u00e3o, emiss\u00f5es de carbono e produ\u00e7\u00e3o de res\u00edduos.<\/div><\/div>\t\t  \t<a href=\"http:\/\/localhost\/wp\/qizon\/about\/\" class=\"iconbox-four__link-overlay\" aria-label=\"link\">\r\n\t\t\t \t\t\t  \t<\/a>\r\n\t\t  <\/div><\/div>\r\n\t\r\n<\/div><\/div><div class=\"swiper-slide\">\r\n<div class=\"icon-box-item elementor-repeater-item-2c50c28\">\r\n\r\n\t\r\n\t\r\n\t\r\n\t<div class=\"iconbox-four__single\"><div class=\"iconbox-four__wrap\"><div class=\"iconbox-four__icon\"><i aria-hidden=\"true\" class=\"picon-crowdfunding-4\"><\/i><\/div><div class=\"iconbox-four__content\"><h3 class=\"iconbox-four__title\">Reutilizar e reciclar<\/h3><div class=\"iconbox-four__desc\">Prolongar o ciclo de vida dos materiais e reduzir o lixo.<\/div><\/div>\t\t  \t<a href=\"http:\/\/localhost\/wp\/qizon\/about\/\" class=\"iconbox-four__link-overlay\" aria-label=\"link\">\r\n\t\t\t \t\t\t  \t<\/a>\r\n\t\t  <\/div><\/div>\r\n\t\r\n<\/div><\/div><div class=\"swiper-slide\">\r\n<div class=\"icon-box-item elementor-repeater-item-c492c79\">\r\n\r\n\t\r\n\t\r\n\t\r\n\t<div class=\"iconbox-four__single\"><div class=\"iconbox-four__wrap\"><div class=\"iconbox-four__icon\"><i aria-hidden=\"true\" class=\"picon-project-management\"><\/i><\/div><div class=\"iconbox-four__content\"><h3 class=\"iconbox-four__title\">Desenvol. a sustent\u00e1bilidade<\/h3><div class=\"iconbox-four__desc\">Crescimento econ\u00f3mico aliado \u00e0 prote\u00e7\u00e3o ambiental <\/div><\/div>\t\t  \t<a href=\"http:\/\/localhost\/wp\/qizon\/about\/\" class=\"iconbox-four__link-overlay\" aria-label=\"link\">\r\n\t\t\t \t\t\t  \t<\/a>\r\n\t\t  <\/div><\/div>\r\n\t\r\n<\/div><\/div>         <\/div>\r\n      <\/div>\r\n   <\/div>   \r\n   <div class=\"swiper-pagination\"><\/div>   <div class=\"swiper-nav-next\"><\/div><div class=\"swiper-nav-prev\"><\/div><\/div>\r\n<\/div>\t\t\t\t<\/div>\n\t\t\t\t<\/div>\n\t\t\t\t\t<\/div>\n\t\t<\/div>\n\t\t\t\t\t<\/div>\n\t\t<\/section>\n\t\t\t\t<\/div>","protected":false},"excerpt":{"rendered":"<p>Sustentabilidade Ambiental Princ\u00edpios da Sustentabilidade Ambiental Procisa de suporte r\u00e1pido? Fale com um especialista (+244) 939 330 387 VR Ears Software Technology Smart Audio Videos A sustentabilidade ambiental consiste em [&hellip;]<\/p>","protected":false},"author":1,"featured_media":0,"parent":541,"menu_order":0,"comment_status":"closed","ping_status":"closed","template":"","meta":{"pagelayer_contact_templates":[],"_pagelayer_content":"","footnotes":""},"class_list":["post-567","page","type-page","status-publish","hentry"],"_links":{"self":[{"href":"https:\/\/brazumaisvale.com\/en\/wp-json\/wp\/v2\/pages\/567","targetHints":{"allow":["GET"]}}],"collection":[{"href":"https:\/\/brazumaisvale.com\/en\/wp-json\/wp\/v2\/pages"}],"about":[{"href":"https:\/\/brazumaisvale.com\/en\/wp-json\/wp\/v2\/types\/page"}],"author":[{"embeddable":true,"href":"https:\/\/brazumaisvale.com\/en\/wp-json\/wp\/v2\/users\/1"}],"replies":[{"embeddable":true,"href":"https:\/\/brazumaisvale.com\/en\/wp-json\/wp\/v2\/comments?post=567"}],"version-history":[{"count":16,"href":"https:\/\/brazumaisvale.com\/en\/wp-json\/wp\/v2\/pages\/567\/revisions"}],"predecessor-version":[{"id":1221,"href":"https:\/\/brazumaisvale.com\/en\/wp-json\/wp\/v2\/pages\/567\/revisions\/1221"}],"up":[{"embeddable":true,"href":"https:\/\/brazumaisvale.com\/en\/wp-json\/wp\/v2\/pages\/541"}],"wp:attachment":[{"href":"https:\/\/brazumaisvale.com\/en\/wp-json\/wp\/v2\/media?parent=567"}],"curies":[{"name":"wp","href":"https:\/\/api.w.org\/{rel}","templated":true}]}}