{"id":565,"date":"2023-12-03T23:00:48","date_gmt":"2023-12-04T03:00:48","guid":{"rendered":"https:\/\/themegavias.com\/wp\/pisole\/?page_id=565"},"modified":"2026-03-26T11:31:22","modified_gmt":"2026-03-26T11:31:22","slug":"sucata","status":"publish","type":"page","link":"https:\/\/brazumaisvale.com\/en\/services\/sucata\/","title":{"rendered":"Sucata"},"content":{"rendered":"<div data-elementor-type=\"wp-page\" data-elementor-id=\"565\" class=\"elementor elementor-565\">\n\t\t\t\t\t\t<section class=\"elementor-section elementor-top-section elementor-element elementor-element-535d16e8 elementor-section-boxed elementor-section-height-default elementor-section-height-default\" data-id=\"535d16e8\" data-element_type=\"section\" data-settings=\"{&quot;background_background&quot;:&quot;slideshow&quot;,&quot;background_slideshow_gallery&quot;:[{&quot;id&quot;:1415,&quot;url&quot;:&quot;https:\\\/\\\/brazumaisvale.com\\\/wp-content\\\/uploads\\\/2026\\\/03\\\/car-being-taking-care-workshop-scaled.jpg&quot;},{&quot;id&quot;:1416,&quot;url&quot;:&quot;https:\\\/\\\/brazumaisvale.com\\\/wp-content\\\/uploads\\\/2026\\\/03\\\/female-staff-passengers-standing-airport-terminal-scaled.jpg&quot;}],&quot;background_slideshow_ken_burns&quot;:&quot;yes&quot;,&quot;background_slideshow_loop&quot;:&quot;yes&quot;,&quot;background_slideshow_slide_duration&quot;:5000,&quot;background_slideshow_slide_transition&quot;:&quot;fade&quot;,&quot;background_slideshow_transition_duration&quot;:500,&quot;background_slideshow_ken_burns_zoom_direction&quot;:&quot;in&quot;}\">\n\t\t\t\t\t\t<div class=\"elementor-container elementor-column-gap-default\">\n\t\t\t\t\t<div class=\"elementor-column elementor-col-100 elementor-top-column elementor-element elementor-element-6b93c7b4\" data-id=\"6b93c7b4\" data-element_type=\"column\">\n\t\t\t<div class=\"elementor-widget-wrap elementor-element-populated\">\n\t\t\t\t\t\t<div class=\"elementor-element elementor-element-82c4ba9 elementor-widget elementor-widget-gva-heading-block\" data-id=\"82c4ba9\" data-element_type=\"widget\" data-widget_type=\"gva-heading-block.default\">\n\t\t\t\t<div class=\"elementor-widget-container\">\n\t\t\t\t\t<div class=\"gva-element-gva-heading-block gva-element\">   <div class=\"align-left style-1 widget gsc-heading box-align-left auto-responsive\">\r\n      <div class=\"content-inner\">\r\n         \r\n                  \r\n           \r\n         \r\n                     <h2 class=\"title\">\r\n               <span>Sucata<\/span>\r\n            <\/h2>\r\n                  \r\n                     <div class=\"title-desc\">A melhor empresa de sucata de Angola para metal e Ferro<\/div>\r\n         \r\n         \r\n      <\/div>\r\n   <\/div>\r\n<\/div>\t\t\t\t<\/div>\n\t\t\t\t<\/div>\n\t\t\t\t\t<\/div>\n\t\t<\/div>\n\t\t\t\t\t<\/div>\n\t\t<\/section>\n\t\t<div class=\"elementor-element elementor-element-cb0eca3 e-flex e-con-boxed e-con e-parent\" data-id=\"cb0eca3\" data-element_type=\"container\">\n\t\t\t\t\t<div class=\"e-con-inner\">\n\t\t<div class=\"elementor-element elementor-element-c82995b e-con-full e-flex e-con e-child\" data-id=\"c82995b\" data-element_type=\"container\">\n\t\t<div class=\"elementor-element elementor-element-d6ff1ef e-grid e-con-full e-con e-child\" data-id=\"d6ff1ef\" data-element_type=\"container\">\n\t\t\t\t<div class=\"elementor-element elementor-element-c4cf291 elementor-widget elementor-widget-wp-widget-nav_menu\" data-id=\"c4cf291\" data-element_type=\"widget\" data-widget_type=\"wp-widget-nav_menu.default\">\n\t\t\t\t<div class=\"elementor-widget-container\">\n\t\t\t\t\t<div class=\"menu-services-container\"><ul id=\"menu-services\" class=\"menu\"><li id=\"menu-item-641\" class=\"menu-item menu-item-type-post_type menu-item-object-page menu-item-641\"><a href=\"https:\/\/brazumaisvale.com\/en\/services\/sucata\/\">Sucata<\/a><\/li>\n<li id=\"menu-item-640\" class=\"menu-item menu-item-type-post_type menu-item-object-page menu-item-640\"><a href=\"https:\/\/brazumaisvale.com\/en\/services\/restauracao-sete-sabores\/\">Restaura\u00e7\u00e3o sete sabores<\/a><\/li>\n<li id=\"menu-item-643\" class=\"menu-item menu-item-type-post_type menu-item-object-page menu-item-643\"><a href=\"https:\/\/brazumaisvale.com\/en\/services\/estacao-de-servico\/\">Esta\u00e7\u00e3o de Servi\u00e7o<\/a><\/li>\n<li id=\"menu-item-642\" class=\"menu-item menu-item-type-post_type menu-item-object-page menu-item-642\"><a href=\"https:\/\/brazumaisvale.com\/en\/services\/maxvale-pneus\/\">MAXVALE PNEUS<\/a><\/li>\n<li id=\"menu-item-639\" class=\"menu-item menu-item-type-post_type menu-item-object-page menu-item-639\"><a href=\"https:\/\/brazumaisvale.com\/en\/services\/sustentablidade-ambiental\/\">Sustentablidade Ambiental<\/a><\/li>\n<\/ul><\/div>\t\t\t\t<\/div>\n\t\t\t\t<\/div>\n\t\t\t\t<\/div>\n\t\t\t\t<\/div>\n\t\t<div class=\"elementor-element elementor-element-f47ee30 e-con-full e-flex e-con e-child\" data-id=\"f47ee30\" data-element_type=\"container\">\n\t\t<div class=\"elementor-element elementor-element-b47d913 e-grid e-con-full e-con e-child\" data-id=\"b47d913\" data-element_type=\"container\">\n\t\t\t\t<div class=\"elementor-element elementor-element-620f791 elementor-widget elementor-widget-gva-gallery\" data-id=\"620f791\" data-element_type=\"widget\" data-widget_type=\"gva-gallery.default\">\n\t\t\t\t<div class=\"elementor-widget-container\">\n\t\t\t\t\t<div class=\"gva-element-gva-gallery gva-element\">\r\n<div class=\"gva-gallery-carousel swiper-slider-wrapper style-1\">\r\n\t<div class=\"swiper-content-inner\">\r\n   \t<div class=\"init-carousel-swiper swiper\" data-carousel=\"{&quot;items&quot;:1,&quot;items_lg&quot;:1,&quot;items_md&quot;:1,&quot;items_sm&quot;:1,&quot;items_xs&quot;:1,&quot;items_xx&quot;:1,&quot;effect&quot;:&quot;slide&quot;,&quot;space_between&quot;:30,&quot;loop&quot;:1,&quot;speed&quot;:600,&quot;autoplay&quot;:1,&quot;autoplay_delay&quot;:4500,&quot;autoplay_hover&quot;:1,&quot;navigation&quot;:1,&quot;pagination&quot;:0,&quot;dynamic_bullets&quot;:0,&quot;pagination_type&quot;:&quot;bullets&quot;}\">\r\n      \t<div class=\"swiper-wrapper\">\r\n\t\t\t\t<div class=\"swiper-slide item\">\r\n<div class=\"gallery-item style-1\">\r\n         <div class=\"image\">\r\n         <img decoding=\"async\" src=\"https:\/\/brazumaisvale.com\/wp-content\/uploads\/2025\/12\/sucata_1.jpeg\" alt=\"sucata 01\" \/>  \r\n      <\/div>\r\n      <a class=\"photo-gallery\" href=\"https:\/\/brazumaisvale.com\/wp-content\/uploads\/2025\/12\/sucata_1.jpeg\" data-elementor-lightbox-slideshow=\"gallery-2rbb\" aria-label=\"gallery\"><i class=\"fas fa-expand\"><\/i><\/a>\r\n   \r\n   <div class=\"image-content\">\r\n      <div class=\"content-inner\">\r\n                     <h3 class=\"title\">sucata 01<\/h3>\r\n                        <\/div>   \r\n   <\/div>\r\n<\/div>\r\n<\/div><div class=\"swiper-slide item\">\r\n<div class=\"gallery-item style-1\">\r\n         <div class=\"image\">\r\n         <img decoding=\"async\" src=\"https:\/\/brazumaisvale.com\/wp-content\/uploads\/2025\/12\/sucata-4-e1774523654380.jpeg\" alt=\"sucata 02\" \/>  \r\n      <\/div>\r\n      <a class=\"photo-gallery\" href=\"https:\/\/brazumaisvale.com\/wp-content\/uploads\/2025\/12\/sucata-4-e1774523654380.jpeg\" data-elementor-lightbox-slideshow=\"gallery-2rbb\" aria-label=\"gallery\"><i class=\"fas fa-expand\"><\/i><\/a>\r\n   \r\n   <div class=\"image-content\">\r\n      <div class=\"content-inner\">\r\n                     <h3 class=\"title\">sucata 02<\/h3>\r\n                        <\/div>   \r\n   <\/div>\r\n<\/div>\r\n<\/div>\t\t\t<\/div>\r\n\t\t<\/div>\r\n\t<\/div>\r\n\t<div class=\"swiper-pagination\"><\/div>   <div class=\"swiper-nav-next\"><\/div><div class=\"swiper-nav-prev\"><\/div><\/div>\r\n<\/div>\t\t\t\t<\/div>\n\t\t\t\t<\/div>\n\t\t\t\t<div class=\"elementor-element elementor-element-be5c7ca elementor-widget elementor-widget-text-editor\" data-id=\"be5c7ca\" data-element_type=\"widget\" data-widget_type=\"text-editor.default\">\n\t\t\t\t\t\t\t\t\t<p><b>Temos Comida nacional e internacional<\/b><\/p><p style=\"text-align: justify;\">Na estrada de catete , Junto ao banco Bic, perto do novo aeroporto, entre as rua do km44 e os ritmos acelerado da via, encontra-se o Sete Sabores. Mais do que um simples restaurante e cafeteria, o Sete Sabores \u00e9 um ref\u00fagio gastron\u00f4mico que convida seus clientes a uma experi\u00eancia sensorial \u00fanica.<\/p><p>Ao adentrar no recinto, somos recebidos por um ambiente aconchegante e acolhedor. A decora\u00e7\u00e3o, com suas cores vibrantes e toques r\u00fasticos, cria uma atmosfera relaxante e convidativa. O aroma inebriante de caf\u00e9 fresco e comidas deliciosas agu\u00e7a os sentidos e nos prepara para uma experi\u00eancia memor\u00e1vel.<\/p>\t\t\t\t\t\t\t\t<\/div>\n\t\t\t\t<\/div>\n\t\t\t\t<\/div>\n\t\t\t\t\t<\/div>\n\t\t\t\t<\/div>\n\t\t<div class=\"elementor-element elementor-element-914158f e-flex e-con-boxed e-con e-parent\" data-id=\"914158f\" data-element_type=\"container\">\n\t\t\t\t\t<div class=\"e-con-inner\">\n\t\t\t\t\t<\/div>\n\t\t\t\t<\/div>\n\t\t\t\t<\/div>","protected":false},"excerpt":{"rendered":"<p>Sucata A melhor empresa de sucata de Angola para metal e Ferro sucata 01 sucata 02 Temos Comida nacional e internacional Na estrada de catete , Junto ao banco Bic, [&hellip;]<\/p>","protected":false},"author":1,"featured_media":0,"parent":541,"menu_order":0,"comment_status":"closed","ping_status":"closed","template":"","meta":{"pagelayer_contact_templates":[],"_pagelayer_content":"","footnotes":""},"class_list":["post-565","page","type-page","status-publish","hentry"],"_links":{"self":[{"href":"https:\/\/brazumaisvale.com\/en\/wp-json\/wp\/v2\/pages\/565","targetHints":{"allow":["GET"]}}],"collection":[{"href":"https:\/\/brazumaisvale.com\/en\/wp-json\/wp\/v2\/pages"}],"about":[{"href":"https:\/\/brazumaisvale.com\/en\/wp-json\/wp\/v2\/types\/page"}],"author":[{"embeddable":true,"href":"https:\/\/brazumaisvale.com\/en\/wp-json\/wp\/v2\/users\/1"}],"replies":[{"embeddable":true,"href":"https:\/\/brazumaisvale.com\/en\/wp-json\/wp\/v2\/comments?post=565"}],"version-history":[{"count":40,"href":"https:\/\/brazumaisvale.com\/en\/wp-json\/wp\/v2\/pages\/565\/revisions"}],"predecessor-version":[{"id":1446,"href":"https:\/\/brazumaisvale.com\/en\/wp-json\/wp\/v2\/pages\/565\/revisions\/1446"}],"up":[{"embeddable":true,"href":"https:\/\/brazumaisvale.com\/en\/wp-json\/wp\/v2\/pages\/541"}],"wp:attachment":[{"href":"https:\/\/brazumaisvale.com\/en\/wp-json\/wp\/v2\/media?parent=565"}],"curies":[{"name":"wp","href":"https:\/\/api.w.org\/{rel}","templated":true}]}}