{"id":541,"date":"2023-11-17T02:42:04","date_gmt":"2023-11-17T06:42:04","guid":{"rendered":"https:\/\/themegavias.com\/wp\/pisole\/?page_id=541"},"modified":"2026-03-26T10:11:07","modified_gmt":"2026-03-26T10:11:07","slug":"services","status":"publish","type":"page","link":"https:\/\/brazumaisvale.com\/en\/services\/","title":{"rendered":"Services 01"},"content":{"rendered":"<div data-elementor-type=\"wp-page\" data-elementor-id=\"541\" class=\"elementor elementor-541\">\n\t\t\t\t\t\t<section class=\"elementor-section elementor-top-section elementor-element elementor-element-6eb20b3 elementor-section-boxed elementor-section-height-default elementor-section-height-default\" data-id=\"6eb20b3\" data-element_type=\"section\" data-settings=\"{&quot;background_background&quot;:&quot;slideshow&quot;,&quot;background_slideshow_gallery&quot;:[{&quot;id&quot;:1415,&quot;url&quot;:&quot;https:\\\/\\\/brazumaisvale.com\\\/wp-content\\\/uploads\\\/2026\\\/03\\\/car-being-taking-care-workshop-scaled.jpg&quot;},{&quot;id&quot;:1416,&quot;url&quot;:&quot;https:\\\/\\\/brazumaisvale.com\\\/wp-content\\\/uploads\\\/2026\\\/03\\\/female-staff-passengers-standing-airport-terminal-scaled.jpg&quot;},{&quot;id&quot;:1124,&quot;url&quot;:&quot;https:\\\/\\\/brazumaisvale.com\\\/wp-content\\\/uploads\\\/2025\\\/12\\\/pilares-da-sustentabilidade.jpg&quot;}],&quot;background_slideshow_ken_burns&quot;:&quot;yes&quot;,&quot;background_slideshow_loop&quot;:&quot;yes&quot;,&quot;background_slideshow_slide_duration&quot;:5000,&quot;background_slideshow_slide_transition&quot;:&quot;fade&quot;,&quot;background_slideshow_transition_duration&quot;:500,&quot;background_slideshow_ken_burns_zoom_direction&quot;:&quot;in&quot;}\">\n\t\t\t\t\t\t<div class=\"elementor-container elementor-column-gap-default\">\n\t\t\t\t\t<div class=\"elementor-column elementor-col-100 elementor-top-column elementor-element elementor-element-cbcd409\" data-id=\"cbcd409\" data-element_type=\"column\">\n\t\t\t<div class=\"elementor-widget-wrap elementor-element-populated\">\n\t\t\t\t\t\t<div class=\"elementor-element elementor-element-c8dbe4d elementor-widget elementor-widget-gva-heading-block\" data-id=\"c8dbe4d\" data-element_type=\"widget\" data-widget_type=\"gva-heading-block.default\">\n\t\t\t\t<div class=\"elementor-widget-container\">\n\t\t\t\t\t<div class=\"gva-element-gva-heading-block gva-element\">   <div class=\"align-left style-1 widget gsc-heading box-align-left auto-responsive\">\r\n      <div class=\"content-inner\">\r\n         \r\n                  \r\n           \r\n         \r\n                     <h2 class=\"title\">\r\n               <span>Nossos Servi\u00e7os<\/span>\r\n            <\/h2>\r\n                  \r\n                     <div class=\"title-desc\">Grupo BMV, est\u00e1 diversificado com atua\u00e7\u00e3o em 5 setores<\/div>\r\n         \r\n         \r\n      <\/div>\r\n   <\/div>\r\n<\/div>\t\t\t\t<\/div>\n\t\t\t\t<\/div>\n\t\t\t\t\t<\/div>\n\t\t<\/div>\n\t\t\t\t\t<\/div>\n\t\t<\/section>\n\t\t\t\t<section class=\"elementor-section elementor-top-section elementor-element elementor-element-c03f390 elementor-section-boxed elementor-section-height-default elementor-section-height-default\" data-id=\"c03f390\" data-element_type=\"section\" data-settings=\"{&quot;background_background&quot;:&quot;classic&quot;}\">\n\t\t\t\t\t\t<div class=\"elementor-container elementor-column-gap-default\">\n\t\t\t\t\t<div class=\"elementor-column elementor-col-100 elementor-top-column elementor-element elementor-element-92915bd\" data-id=\"92915bd\" data-element_type=\"column\">\n\t\t\t<div class=\"elementor-widget-wrap elementor-element-populated\">\n\t\t\t\t\t\t<section class=\"elementor-section elementor-inner-section elementor-element elementor-element-2e4d28f elementor-section-boxed elementor-section-height-default elementor-section-height-default\" data-id=\"2e4d28f\" data-element_type=\"section\">\n\t\t\t\t\t\t<div class=\"elementor-container elementor-column-gap-default\">\n\t\t\t\t\t<div class=\"elementor-column elementor-col-100 elementor-inner-column elementor-element elementor-element-7c39727\" data-id=\"7c39727\" data-element_type=\"column\">\n\t\t\t<div class=\"elementor-widget-wrap\">\n\t\t\t\t\t\t\t<\/div>\n\t\t<\/div>\n\t\t\t\t\t<\/div>\n\t\t<\/section>\n\t\t\t\t<div class=\"elementor-element elementor-element-75d7612 elementor-widget elementor-widget-gva-services\" data-id=\"75d7612\" data-element_type=\"widget\" data-widget_type=\"gva-services.default\">\n\t\t\t\t<div class=\"elementor-widget-container\">\n\t\t\t\t\t<div class=\"gva-element-gva-services gva-element\">\r\n<div class=\"swiper-slider-wrapper gsc-services layout-carousel style-3\">\r\n   <div class=\"swiper-content-inner\">   \r\n      <div class=\"init-carousel-swiper swiper\" data-carousel=\"{&quot;items&quot;:4,&quot;items_lg&quot;:4,&quot;items_md&quot;:3,&quot;items_sm&quot;:3,&quot;items_xs&quot;:2,&quot;items_xx&quot;:1,&quot;effect&quot;:&quot;slide&quot;,&quot;space_between&quot;:30,&quot;loop&quot;:1,&quot;speed&quot;:600,&quot;autoplay&quot;:0,&quot;autoplay_delay&quot;:4500,&quot;autoplay_hover&quot;:1,&quot;navigation&quot;:1,&quot;pagination&quot;:0,&quot;dynamic_bullets&quot;:0,&quot;pagination_type&quot;:&quot;bullets&quot;}\">\r\n         <div class=\"swiper-wrapper\">\r\n                           <div class=\"swiper-slide\">\r\n                  \r\n\t\r\n\r\n\r\n<div class=\"service-three__single\"><div class=\"service-three__content\"><div class=\"service-three__content-inner\"><span class=\"service-three__icon\"><span class=\"service-three__icon-inner\"><i aria-hidden=\"true\" class=\"picon-software\"><\/i><\/span><\/span><h4 class=\"service-three__title\"><span>COMPRAS DE <br>sUCATAS<\/span><\/h4><div class=\"service-three__desc\">Reconhecida por sua qualidade no seguimento de sucatas <\/div><\/div><div class=\"service-three__image\"><img decoding=\"async\" src=\"https:\/\/brazumaisvale.com\/wp-content\/uploads\/2025\/12\/sucata_1-580x690.jpeg\" alt=\"COMPRAS DE <BR>sUCATAS\"\/><\/div><\/div><div class=\"service-three__button\">\t\t  <a href=\"https:\/\/brazumaisvale.com\/en\/services\/sucata\/\" class=\"btn-readmore\" aria-label=\"link\">\r\n\t\t\t Leia mais\t\t  <\/a>\r\n\t\t  <\/div>\t\t  <a href=\"https:\/\/brazumaisvale.com\/en\/services\/sucata\/\" class=\"service-three__link-overlay\" aria-label=\"link\"><\/a>\r\n\t\t  <\/div>\r\n               <\/div>\r\n                           <div class=\"swiper-slide\">\r\n                  \r\n\t\r\n\r\n\r\n<div class=\"service-three__single\"><div class=\"service-three__content\"><div class=\"service-three__content-inner\"><span class=\"service-three__icon\"><span class=\"service-three__icon-inner\"><i aria-hidden=\"true\" class=\"picon-edit-tools\"><\/i><\/span><\/span><h4 class=\"service-three__title\"><span>Restaura\u00e7\u00e3o<br>Sete Sabores<\/span><\/h4><div class=\"service-three__desc\">Ao adentrar no recinto, somos recebidos por um ambiente <\/div><\/div><div class=\"service-three__image\"><img decoding=\"async\" src=\"https:\/\/brazumaisvale.com\/wp-content\/uploads\/2025\/12\/images.jpeg\" alt=\"Restaura\u00e7\u00e3o<br>Sete Sabores\"\/><\/div><\/div><div class=\"service-three__button\">\t\t  <a href=\"https:\/\/brazumaisvale.com\/en\/services\/restauracao-sete-sabores\/\" class=\"btn-readmore\" aria-label=\"link\">\r\n\t\t\t Leia mais\t\t  <\/a>\r\n\t\t  <\/div>\t\t  <a href=\"https:\/\/brazumaisvale.com\/en\/services\/restauracao-sete-sabores\/\" class=\"service-three__link-overlay\" aria-label=\"link\"><\/a>\r\n\t\t  <\/div>\r\n               <\/div>\r\n                           <div class=\"swiper-slide\">\r\n                  \r\n\t\r\n\r\n\r\n<div class=\"service-three__single\"><div class=\"service-three__content\"><div class=\"service-three__content-inner\"><span class=\"service-three__icon\"><span class=\"service-three__icon-inner\"><i aria-hidden=\"true\" class=\"picon-advertisig-agency\"><\/i><\/span><\/span><h4 class=\"service-three__title\"><span>Esta\u00e7\u00e3o<br>de Servi\u00e7o<\/span><\/h4><div class=\"service-three__desc\">Seu carro, nosso cuidado: Brilho e prote\u00e7\u00e3o em ...<\/div><\/div><div class=\"service-three__image\"><img decoding=\"async\" src=\"https:\/\/brazumaisvale.com\/wp-content\/uploads\/2025\/12\/lavagem-de-carro-com-sabonete-de-espuma-ativa-limpeza-do-pneu-da-roda-conceito-de-servico-de-limpeza-comercial_109549-2222-580x417.avif\" alt=\"Esta\u00e7\u00e3o<br>de Servi\u00e7o\"\/><\/div><\/div><div class=\"service-three__button\">\t\t  <a href=\"https:\/\/brazumaisvale.com\/en\/services\/estacao-de-servico\/\" class=\"btn-readmore\" aria-label=\"link\">\r\n\t\t\t Leia mais\t\t  <\/a>\r\n\t\t  <\/div>\t\t  <a href=\"https:\/\/brazumaisvale.com\/en\/services\/estacao-de-servico\/\" class=\"service-three__link-overlay\" aria-label=\"link\"><\/a>\r\n\t\t  <\/div>\r\n               <\/div>\r\n                           <div class=\"swiper-slide\">\r\n                  \r\n\t\r\n\r\n\r\n<div class=\"service-three__single\"><div class=\"service-three__content\"><div class=\"service-three__content-inner\"><span class=\"service-three__icon\"><span class=\"service-three__icon-inner\"><i aria-hidden=\"true\" class=\"picon-app-development\"><\/i><\/span><\/span><h4 class=\"service-three__title\"><span>Maxvale<br>Pneus<\/span><\/h4><div class=\"service-three__desc\">Comprometida com a sustentabilidade e a inova\u00e7\u00e3o industrial<\/div><\/div><div class=\"service-three__image\"><img decoding=\"async\" src=\"https:\/\/brazumaisvale.com\/wp-content\/uploads\/2025\/12\/valorpneu-pneu-header07-660x330-1-580x330.jpg\" alt=\"Maxvale<br>Pneus\"\/><\/div><\/div><div class=\"service-three__button\">\t\t  <a href=\"https:\/\/brazumaisvale.com\/en\/services\/maxvale-pneus\/\" class=\"btn-readmore\" aria-label=\"link\">\r\n\t\t\t Leia mais\t\t  <\/a>\r\n\t\t  <\/div>\t\t  <a href=\"https:\/\/brazumaisvale.com\/en\/services\/maxvale-pneus\/\" class=\"service-three__link-overlay\" aria-label=\"link\"><\/a>\r\n\t\t  <\/div>\r\n               <\/div>\r\n                           <div class=\"swiper-slide\">\r\n                  \r\n\t\r\n\r\n\r\n<div class=\"service-three__single\"><div class=\"service-three__content\"><div class=\"service-three__content-inner\"><span class=\"service-three__icon\"><span class=\"service-three__icon-inner\"><i aria-hidden=\"true\" class=\"picon-edit-tools\"><\/i><\/span><\/span><h4 class=\"service-three__title\"><span>sustentabilidade<br>ambiental<\/span><\/h4><div class=\"service-three__desc\">A sustentabilidade ambiental consiste em utilizar os recursos ...<\/div><\/div><div class=\"service-three__image\"><img decoding=\"async\" src=\"https:\/\/brazumaisvale.com\/wp-content\/uploads\/2025\/12\/pilares-da-sustentabilidade-580x690.jpg\" alt=\"sustentabilidade<br>ambiental\"\/><\/div><\/div><div class=\"service-three__button\">\t\t  <a href=\"https:\/\/brazumaisvale.com\/en\/services\/sustentablidade-ambiental\/\" class=\"btn-readmore\" aria-label=\"link\">\r\n\t\t\t Leia mais\t\t  <\/a>\r\n\t\t  <\/div>\t\t  <a href=\"https:\/\/brazumaisvale.com\/en\/services\/sustentablidade-ambiental\/\" class=\"service-three__link-overlay\" aria-label=\"link\"><\/a>\r\n\t\t  <\/div>\r\n               <\/div>\r\n                     <\/div> \r\n      <\/div>\r\n   <\/div>   \r\n   <div class=\"swiper-pagination\"><\/div>   <div class=\"swiper-nav-next\"><\/div><div class=\"swiper-nav-prev\"><\/div><\/div>\r\n<\/div>\t\t\t\t<\/div>\n\t\t\t\t<\/div>\n\t\t\t\t\t<\/div>\n\t\t<\/div>\n\t\t\t\t\t<\/div>\n\t\t<\/section>\n\t\t\t\t<section class=\"elementor-section elementor-top-section elementor-element elementor-element-eb3bd6a elementor-section-boxed elementor-section-height-default elementor-section-height-default\" data-id=\"eb3bd6a\" data-element_type=\"section\" data-settings=\"{&quot;background_background&quot;:&quot;classic&quot;}\">\n\t\t\t\t\t\t\t<div class=\"elementor-background-overlay\"><\/div>\n\t\t\t\t\t\t\t<div class=\"elementor-container elementor-column-gap-default\">\n\t\t\t\t\t<div class=\"elementor-column elementor-col-100 elementor-top-column elementor-element elementor-element-75a7c8a\" data-id=\"75a7c8a\" data-element_type=\"column\">\n\t\t\t<div class=\"elementor-widget-wrap elementor-element-populated\">\n\t\t\t\t\t\t<div class=\"elementor-element elementor-element-e13047e elementor-widget__width-initial elementor-widget elementor-widget-heading\" data-id=\"e13047e\" data-element_type=\"widget\" data-widget_type=\"heading.default\">\n\t\t\t\t\t<h2 class=\"elementor-heading-title elementor-size-default\">Veja por que voc\u00ea deve escolher a B.M.V<\/h2>\t\t\t\t<\/div>\n\t\t\t\t\t<\/div>\n\t\t<\/div>\n\t\t\t\t\t<\/div>\n\t\t<\/section>\n\t\t\t\t<section class=\"elementor-section elementor-top-section elementor-element elementor-element-3a82fa0 elementor-section-boxed elementor-section-height-default elementor-section-height-default\" data-id=\"3a82fa0\" data-element_type=\"section\">\n\t\t\t\t\t\t<div class=\"elementor-container elementor-column-gap-default\">\n\t\t\t\t\t<div class=\"elementor-column elementor-col-50 elementor-top-column elementor-element elementor-element-41a16b4\" data-id=\"41a16b4\" data-element_type=\"column\">\n\t\t\t<div class=\"elementor-widget-wrap elementor-element-populated\">\n\t\t\t\t\t\t<section class=\"elementor-section elementor-inner-section elementor-element elementor-element-1b42f0c elementor-section-boxed elementor-section-height-default elementor-section-height-default\" data-id=\"1b42f0c\" data-element_type=\"section\">\n\t\t\t\t\t\t<div class=\"elementor-container elementor-column-gap-default\">\n\t\t\t\t\t<div class=\"elementor-column elementor-col-50 elementor-inner-column elementor-element elementor-element-427a2a3\" data-id=\"427a2a3\" data-element_type=\"column\">\n\t\t\t<div class=\"elementor-widget-wrap elementor-element-populated\">\n\t\t\t\t\t\t<div class=\"elementor-element elementor-element-05232cb elementor-view-default elementor-position-top elementor-mobile-position-top elementor-widget elementor-widget-icon-box\" data-id=\"05232cb\" data-element_type=\"widget\" data-widget_type=\"icon-box.default\">\n\t\t\t\t\t\t\t<div class=\"elementor-icon-box-wrapper\">\n\n\t\t\t\t\t\t<div class=\"elementor-icon-box-icon\">\n\t\t\t\t<span  class=\"elementor-icon\">\n\t\t\t\t<i aria-hidden=\"true\" class=\"picon-assurance\"><\/i>\t\t\t\t<\/span>\n\t\t\t<\/div>\n\t\t\t\n\t\t\t\t\t\t<div class=\"elementor-icon-box-content\">\n\n\t\t\t\t\t\t\t\t\t<h3 class=\"elementor-icon-box-title\">\n\t\t\t\t\t\t<span  >\n\t\t\t\t\t\t\tServi\u00e7os de Qualidade\t\t\t\t\t\t<\/span>\n\t\t\t\t\t<\/h3>\n\t\t\t\t\n\t\t\t\t\n\t\t\t<\/div>\n\t\t\t\n\t\t<\/div>\n\t\t\t\t\t\t<\/div>\n\t\t\t\t<div class=\"elementor-element elementor-element-84d50f8 elementor-view-default elementor-position-top elementor-mobile-position-top elementor-widget elementor-widget-icon-box\" data-id=\"84d50f8\" data-element_type=\"widget\" data-widget_type=\"icon-box.default\">\n\t\t\t\t\t\t\t<div class=\"elementor-icon-box-wrapper\">\n\n\t\t\t\t\t\t<div class=\"elementor-icon-box-icon\">\n\t\t\t\t<span  class=\"elementor-icon\">\n\t\t\t\t<i aria-hidden=\"true\" class=\"picon-crm\"><\/i>\t\t\t\t<\/span>\n\t\t\t<\/div>\n\t\t\t\n\t\t\t\t\t\t<div class=\"elementor-icon-box-content\">\n\n\t\t\t\t\t\t\t\t\t<h3 class=\"elementor-icon-box-title\">\n\t\t\t\t\t\t<span  >\n\t\t\t\t\t\t\tConfi\u00e1vel pelos clientes\t\t\t\t\t\t<\/span>\n\t\t\t\t\t<\/h3>\n\t\t\t\t\n\t\t\t\t\n\t\t\t<\/div>\n\t\t\t\n\t\t<\/div>\n\t\t\t\t\t\t<\/div>\n\t\t\t\t\t<\/div>\n\t\t<\/div>\n\t\t\t\t<div class=\"elementor-column elementor-col-50 elementor-inner-column elementor-element elementor-element-1d0acb3\" data-id=\"1d0acb3\" data-element_type=\"column\">\n\t\t\t<div class=\"elementor-widget-wrap elementor-element-populated\">\n\t\t\t\t\t\t<div class=\"elementor-element elementor-element-f20a06d elementor-view-default elementor-position-top elementor-mobile-position-top elementor-widget elementor-widget-icon-box\" data-id=\"f20a06d\" data-element_type=\"widget\" data-widget_type=\"icon-box.default\">\n\t\t\t\t\t\t\t<div class=\"elementor-icon-box-wrapper\">\n\n\t\t\t\t\t\t<div class=\"elementor-icon-box-icon\">\n\t\t\t\t<span  class=\"elementor-icon\">\n\t\t\t\t<i aria-hidden=\"true\" class=\"picon-brainstorm\"><\/i>\t\t\t\t<\/span>\n\t\t\t<\/div>\n\t\t\t\n\t\t\t\t\t\t<div class=\"elementor-icon-box-content\">\n\n\t\t\t\t\t\t\t\t\t<h3 class=\"elementor-icon-box-title\">\n\t\t\t\t\t\t<span  >\n\t\t\t\t\t\t\tEquipe Profissional\t\t\t\t\t\t<\/span>\n\t\t\t\t\t<\/h3>\n\t\t\t\t\n\t\t\t\t\n\t\t\t<\/div>\n\t\t\t\n\t\t<\/div>\n\t\t\t\t\t\t<\/div>\n\t\t\t\t<div class=\"elementor-element elementor-element-d40f087 elementor-view-default elementor-position-top elementor-mobile-position-top elementor-widget elementor-widget-icon-box\" data-id=\"d40f087\" data-element_type=\"widget\" data-widget_type=\"icon-box.default\">\n\t\t\t\t\t\t\t<div class=\"elementor-icon-box-wrapper\">\n\n\t\t\t\t\t\t<div class=\"elementor-icon-box-icon\">\n\t\t\t\t<span  class=\"elementor-icon\">\n\t\t\t\t<i aria-hidden=\"true\" class=\"picon-agreement\"><\/i>\t\t\t\t<\/span>\n\t\t\t<\/div>\n\t\t\t\n\t\t\t\t\t\t<div class=\"elementor-icon-box-content\">\n\n\t\t\t\t\t\t\t\t\t<h3 class=\"elementor-icon-box-title\">\n\t\t\t\t\t\t<span  >\n\t\t\t\t\t\t\tServi\u00e7os de Qualidade\t\t\t\t\t\t<\/span>\n\t\t\t\t\t<\/h3>\n\t\t\t\t\n\t\t\t\t\n\t\t\t<\/div>\n\t\t\t\n\t\t<\/div>\n\t\t\t\t\t\t<\/div>\n\t\t\t\t\t<\/div>\n\t\t<\/div>\n\t\t\t\t\t<\/div>\n\t\t<\/section>\n\t\t\t\t<section class=\"elementor-section elementor-inner-section elementor-element elementor-element-fff965b elementor-section-boxed elementor-section-height-default elementor-section-height-default\" data-id=\"fff965b\" data-element_type=\"section\">\n\t\t\t\t\t\t<div class=\"elementor-container elementor-column-gap-default\">\n\t\t\t\t\t<div class=\"elementor-column elementor-col-50 elementor-inner-column elementor-element elementor-element-544b1ef\" data-id=\"544b1ef\" data-element_type=\"column\">\n\t\t\t<div class=\"elementor-widget-wrap elementor-element-populated\">\n\t\t\t\t\t\t<div class=\"elementor-element elementor-element-793e73a elementor-widget elementor-widget-text-editor\" data-id=\"793e73a\" data-element_type=\"widget\" data-widget_type=\"text-editor.default\">\n\t\t\t\t\t\t\t\t\t<div>Pronto para nos contactar?<\/div>\t\t\t\t\t\t\t\t<\/div>\n\t\t\t\t<div class=\"elementor-element elementor-element-d78e71f elementor-widget elementor-widget-heading\" data-id=\"d78e71f\" data-element_type=\"widget\" data-widget_type=\"heading.default\">\n\t\t\t\t\t<h4 class=\"elementor-heading-title elementor-size-default\">N\u00e3o te vais arrepender!<\/h4>\t\t\t\t<\/div>\n\t\t\t\t\t<\/div>\n\t\t<\/div>\n\t\t\t\t<div class=\"elementor-column elementor-col-50 elementor-inner-column elementor-element elementor-element-1cf5c36\" data-id=\"1cf5c36\" data-element_type=\"column\">\n\t\t\t<div class=\"elementor-widget-wrap elementor-element-populated\">\n\t\t\t\t\t\t<div class=\"elementor-element elementor-element-34f879f elementor-view-stacked elementor-shape-square elementor-position-left elementor-mobile-position-left elementor-widget elementor-widget-icon-box\" data-id=\"34f879f\" data-element_type=\"widget\" data-widget_type=\"icon-box.default\">\n\t\t\t\t\t\t\t<div class=\"elementor-icon-box-wrapper\">\n\n\t\t\t\t\t\t<div class=\"elementor-icon-box-icon\">\n\t\t\t\t<span  class=\"elementor-icon\">\n\t\t\t\t<i aria-hidden=\"true\" class=\"picon-telephone\"><\/i>\t\t\t\t<\/span>\n\t\t\t<\/div>\n\t\t\t\n\t\t\t\t\t\t<div class=\"elementor-icon-box-content\">\n\n\t\t\t\t\t\t\t\t\t<h3 class=\"elementor-icon-box-title\">\n\t\t\t\t\t\t<span  >\n\t\t\t\t\t\t\tLiga j\u00e1\t\t\t\t\t\t<\/span>\n\t\t\t\t\t<\/h3>\n\t\t\t\t\n\t\t\t\t\t\t\t\t\t<p class=\"elementor-icon-box-description\">\n\t\t\t\t\t\t(+244) 939 330 387\t\t\t\t\t<\/p>\n\t\t\t\t\n\t\t\t<\/div>\n\t\t\t\n\t\t<\/div>\n\t\t\t\t\t\t<\/div>\n\t\t\t\t\t<\/div>\n\t\t<\/div>\n\t\t\t\t\t<\/div>\n\t\t<\/section>\n\t\t\t\t\t<\/div>\n\t\t<\/div>\n\t\t\t\t<div class=\"elementor-column elementor-col-50 elementor-top-column elementor-element elementor-element-b5ebbd3\" data-id=\"b5ebbd3\" data-element_type=\"column\" data-settings=\"{&quot;background_background&quot;:&quot;classic&quot;}\">\n\t\t\t<div class=\"elementor-widget-wrap\">\n\t\t\t\t\t\t\t<\/div>\n\t\t<\/div>\n\t\t\t\t\t<\/div>\n\t\t<\/section>\n\t\t<div class=\"elementor-element elementor-element-1b3ca2f e-flex e-con-boxed e-con e-parent\" data-id=\"1b3ca2f\" data-element_type=\"container\">\n\t\t\t\t\t<div class=\"e-con-inner\">\n\t\t\t\t\t<\/div>\n\t\t\t\t<\/div>\n\t\t\t\t<\/div>","protected":false},"excerpt":{"rendered":"<p>Nossos Servi\u00e7os Grupo BMV, est\u00e1 diversificado com atua\u00e7\u00e3o em 5 setores COMPRAS DE sUCATAS Reconhecida por sua qualidade no seguimento de sucatas Leia mais Esta\u00e7\u00e3ode Servi\u00e7o Seu carro, nosso cuidado: [&hellip;]<\/p>","protected":false},"author":1,"featured_media":0,"parent":0,"menu_order":0,"comment_status":"closed","ping_status":"closed","template":"","meta":{"pagelayer_contact_templates":[],"_pagelayer_content":"","footnotes":""},"class_list":["post-541","page","type-page","status-publish","hentry"],"_links":{"self":[{"href":"https:\/\/brazumaisvale.com\/en\/wp-json\/wp\/v2\/pages\/541","targetHints":{"allow":["GET"]}}],"collection":[{"href":"https:\/\/brazumaisvale.com\/en\/wp-json\/wp\/v2\/pages"}],"about":[{"href":"https:\/\/brazumaisvale.com\/en\/wp-json\/wp\/v2\/types\/page"}],"author":[{"embeddable":true,"href":"https:\/\/brazumaisvale.com\/en\/wp-json\/wp\/v2\/users\/1"}],"replies":[{"embeddable":true,"href":"https:\/\/brazumaisvale.com\/en\/wp-json\/wp\/v2\/comments?post=541"}],"version-history":[{"count":68,"href":"https:\/\/brazumaisvale.com\/en\/wp-json\/wp\/v2\/pages\/541\/revisions"}],"predecessor-version":[{"id":1434,"href":"https:\/\/brazumaisvale.com\/en\/wp-json\/wp\/v2\/pages\/541\/revisions\/1434"}],"wp:attachment":[{"href":"https:\/\/brazumaisvale.com\/en\/wp-json\/wp\/v2\/media?parent=541"}],"curies":[{"name":"wp","href":"https:\/\/api.w.org\/{rel}","templated":true}]}}